{"id":14969,"date":"2024-01-09T11:28:31","date_gmt":"2024-08-07T10:08:53","guid":{"rendered":"https:\/\/poderesabbioni.com\/product\/igt-marche-bianco\/"},"modified":"2024-08-08T09:59:26","modified_gmt":"2024-08-08T08:59:26","slug":"igt-marche-bianco","status":"publish","type":"product","link":"https:\/\/poderesabbioni.com\/fr\/shop\/vins\/igt-marche-bianco\/","title":{"rendered":"IGT Marche Bianco"},"content":{"rendered":"","protected":false},"excerpt":{"rendered":"<p><strong>COMMENT FAISONS-NOUS \u00c7A:<\/strong><\/p>\n<p>Les raisins sont vendang\u00e9s manuellement en caisses de 12 \u00e0 13 kg et press\u00e9s dans un pressoir doux sans \u00e9grappage. Le mo\u00fbt est d\u00e9cant\u00e9 \u00e0 froid puis laiss\u00e9 fermenter proprement. Apr\u00e8s fermentation, le vin reste 3 mois en acier sur lies fines et 4 mois en b\u00e9ton, puis il est mis en bouteille.<\/p>\n<p><strong>NOTES DE D\u00c9GUSTATION ET ACCORDS:<\/strong><\/p>\n<p>La vendange 2022 a \u00e9t\u00e9 opulente et le vin refl\u00e8te la saison.\u00a0 Le sol calcaire sur lequel est cultiv\u00e9 Verdicchio et l&#8217;exposition Nord-Est conf\u00e8rent au vin finesse et verticalit\u00e9. En bouche, il est sec, persistant et chaleureux, avec une note min\u00e9rale commune \u00e0 nos autres vins.<\/p>\n<p>Viandes blanches, entr\u00e9es et pizza.<\/p>\n<p><strong>Temp\u00e9rature de service entre 12 et 13\u00b0C<\/strong><\/p>\n","protected":false},"featured_media":14143,"comment_status":"closed","ping_status":"closed","template":"","meta":{"nf_dc_page":"","om_disable_all_campaigns":false,"inline_featured_image":false,"_monsterinsights_skip_tracking":false,"_monsterinsights_sitenote_active":false,"_monsterinsights_sitenote_note":"","_monsterinsights_sitenote_category":0},"product_cat":[178],"product_tag":[],"class_list":{"0":"post-14969","1":"product","2":"type-product","3":"status-publish","4":"has-post-thumbnail","6":"product_cat-vins","8":"first","9":"instock","10":"taxable","11":"shipping-taxable","12":"purchasable","13":"product-type-simple"},"yoast_head":"<!-- This site is optimized with the Yoast SEO plugin v27.4 - https:\/\/yoast.com\/product\/yoast-seo-wordpress\/ -->\n<title>IGT Marche Bianco | podere sabbioni vini bio da viticoltura sostenible<\/title>\n<meta name=\"robots\" content=\"index, follow, max-snippet:-1, max-image-preview:large, max-video-preview:-1\" \/>\n<link rel=\"canonical\" href=\"https:\/\/poderesabbioni.com\/it\/shop\/vino\/igt-marche-bianco\/\" \/>\n<meta property=\"og:locale\" content=\"fr_FR\" \/>\n<meta property=\"og:type\" content=\"article\" \/>\n<meta property=\"og:title\" content=\"IGT Marche Bianco | podere sabbioni vini bio da viticoltura sostenible\" \/>\n<meta property=\"og:description\" content=\"COMMENT FAISONS-NOUS \u00c7A:  Les raisins sont vendang\u00e9s manuellement en caisses de 12 \u00e0 13 kg et press\u00e9s dans un pressoir doux sans \u00e9grappage. Le mo\u00fbt est d\u00e9cant\u00e9 \u00e0 froid puis laiss\u00e9 fermenter proprement. Apr\u00e8s fermentation, le vin reste 3 mois en acier sur lies fines et 4 mois en b\u00e9ton, puis il est mis en bouteille.  NOTES DE D\u00c9GUSTATION ET ACCORDS:  La vendange 2022 a \u00e9t\u00e9 opulente et le vin refl\u00e8te la saison.\u00a0 Le sol calcaire sur lequel est cultiv\u00e9 Verdicchio et l&#039;exposition Nord-Est conf\u00e8rent au vin finesse et verticalit\u00e9. En bouche, il est sec, persistant et chaleureux, avec une note min\u00e9rale commune \u00e0 nos autres vins.  Viandes blanches, entr\u00e9es et pizza.  Temp\u00e9rature de service entre 12 et 13\u00b0C\" \/>\n<meta property=\"og:url\" content=\"https:\/\/poderesabbioni.com\/it\/shop\/vino\/igt-marche-bianco\/\" \/>\n<meta property=\"og:site_name\" content=\"podere sabbioni vini bio da viticoltura sostenible\" \/>\n<meta property=\"article:publisher\" content=\"https:\/\/www.facebook.com\/poderesabbioni\/?locale=it_IT\" \/>\n<meta property=\"article:modified_time\" content=\"2024-08-08T08:59:26+00:00\" \/>\n<meta property=\"og:image\" content=\"https:\/\/poderesabbioni.com\/wp-content\/uploads\/2024\/01\/igt-marche-bianco.jpg\" \/>\n\t<meta property=\"og:image:width\" content=\"800\" \/>\n\t<meta property=\"og:image:height\" content=\"800\" \/>\n\t<meta property=\"og:image:type\" content=\"image\/jpeg\" \/>\n<meta name=\"twitter:card\" content=\"summary_large_image\" \/>\n<meta name=\"twitter:site\" content=\"@PSabbioni57712\" \/>\n<script type=\"application\/ld+json\" class=\"yoast-schema-graph\">{\"@context\":\"https:\\\/\\\/schema.org\",\"@graph\":[{\"@type\":\"WebPage\",\"@id\":\"https:\\\/\\\/poderesabbioni.com\\\/it\\\/shop\\\/vino\\\/igt-marche-bianco\\\/\",\"url\":\"https:\\\/\\\/poderesabbioni.com\\\/it\\\/shop\\\/vino\\\/igt-marche-bianco\\\/\",\"name\":\"IGT Marche Bianco | podere sabbioni vini bio da viticoltura sostenible\",\"isPartOf\":{\"@id\":\"https:\\\/\\\/poderesabbioni.com\\\/it\\\/#website\"},\"primaryImageOfPage\":{\"@id\":\"https:\\\/\\\/poderesabbioni.com\\\/it\\\/shop\\\/vino\\\/igt-marche-bianco\\\/#primaryimage\"},\"image\":{\"@id\":\"https:\\\/\\\/poderesabbioni.com\\\/it\\\/shop\\\/vino\\\/igt-marche-bianco\\\/#primaryimage\"},\"thumbnailUrl\":\"https:\\\/\\\/poderesabbioni.com\\\/wp-content\\\/uploads\\\/2024\\\/01\\\/igt-marche-bianco.jpg\",\"datePublished\":\"2024-08-07T10:08:53+00:00\",\"dateModified\":\"2024-08-08T08:59:26+00:00\",\"breadcrumb\":{\"@id\":\"https:\\\/\\\/poderesabbioni.com\\\/it\\\/shop\\\/vino\\\/igt-marche-bianco\\\/#breadcrumb\"},\"inLanguage\":\"fr-FR\",\"potentialAction\":[{\"@type\":\"ReadAction\",\"target\":[\"https:\\\/\\\/poderesabbioni.com\\\/it\\\/shop\\\/vino\\\/igt-marche-bianco\\\/\"]}]},{\"@type\":\"ImageObject\",\"inLanguage\":\"fr-FR\",\"@id\":\"https:\\\/\\\/poderesabbioni.com\\\/it\\\/shop\\\/vino\\\/igt-marche-bianco\\\/#primaryimage\",\"url\":\"https:\\\/\\\/poderesabbioni.com\\\/wp-content\\\/uploads\\\/2024\\\/01\\\/igt-marche-bianco.jpg\",\"contentUrl\":\"https:\\\/\\\/poderesabbioni.com\\\/wp-content\\\/uploads\\\/2024\\\/01\\\/igt-marche-bianco.jpg\",\"width\":800,\"height\":800},{\"@type\":\"BreadcrumbList\",\"@id\":\"https:\\\/\\\/poderesabbioni.com\\\/it\\\/shop\\\/vino\\\/igt-marche-bianco\\\/#breadcrumb\",\"itemListElement\":[{\"@type\":\"ListItem\",\"position\":1,\"name\":\"Home\",\"item\":\"https:\\\/\\\/poderesabbioni.com\\\/fr\\\/domicile\\\/\"},{\"@type\":\"ListItem\",\"position\":2,\"name\":\"Shop Podere Sabbioni\",\"item\":\"https:\\\/\\\/poderesabbioni.com\\\/it\\\/shop\\\/\"},{\"@type\":\"ListItem\",\"position\":3,\"name\":\"IGT Marche Bianco\"}]},{\"@type\":\"WebSite\",\"@id\":\"https:\\\/\\\/poderesabbioni.com\\\/it\\\/#website\",\"url\":\"https:\\\/\\\/poderesabbioni.com\\\/it\\\/\",\"name\":\"Podere Sabbioni Ribona e Rosso Piceno delle Marche\",\"description\":\"vitigni autoctoni, vini bio coltivati nella riserva naturale della Abbadia di Fiastra nelle Marche\",\"publisher\":{\"@id\":\"https:\\\/\\\/poderesabbioni.com\\\/it\\\/#organization\"},\"potentialAction\":[{\"@type\":\"SearchAction\",\"target\":{\"@type\":\"EntryPoint\",\"urlTemplate\":\"https:\\\/\\\/poderesabbioni.com\\\/it\\\/?s={search_term_string}\"},\"query-input\":{\"@type\":\"PropertyValueSpecification\",\"valueRequired\":true,\"valueName\":\"search_term_string\"}}],\"inLanguage\":\"fr-FR\"},{\"@type\":\"Organization\",\"@id\":\"https:\\\/\\\/poderesabbioni.com\\\/it\\\/#organization\",\"name\":\"Podere Sabbioni di IMAC Societ\u00e0 Agricola Srl\",\"alternateName\":\"Podere Sabbioni\",\"url\":\"https:\\\/\\\/poderesabbioni.com\\\/it\\\/\",\"logo\":{\"@type\":\"ImageObject\",\"inLanguage\":\"fr-FR\",\"@id\":\"https:\\\/\\\/poderesabbioni.com\\\/it\\\/#\\\/schema\\\/logo\\\/image\\\/\",\"url\":\"https:\\\/\\\/poderesabbioni.com\\\/wp-content\\\/uploads\\\/2024\\\/09\\\/logo-di-testata-podere-sabbioni-QUADRO.jpg\",\"contentUrl\":\"https:\\\/\\\/poderesabbioni.com\\\/wp-content\\\/uploads\\\/2024\\\/09\\\/logo-di-testata-podere-sabbioni-QUADRO.jpg\",\"width\":224,\"height\":224,\"caption\":\"Podere Sabbioni di IMAC Societ\u00e0 Agricola Srl\"},\"image\":{\"@id\":\"https:\\\/\\\/poderesabbioni.com\\\/it\\\/#\\\/schema\\\/logo\\\/image\\\/\"},\"sameAs\":[\"https:\\\/\\\/www.facebook.com\\\/poderesabbioni\\\/?locale=it_IT\",\"https:\\\/\\\/x.com\\\/PSabbioni57712\",\"https:\\\/\\\/www.instagram.com\\\/poderesabbioni\\\/\",\"https:\\\/\\\/www.linkedin.com\\\/company\\\/42088348\\\/admin\\\/dashboard\\\/\",\"https:\\\/\\\/www.youtube.com\\\/@poderesabbioni9669\\\/xregexp\"]}]}<\/script>\n<!-- \/ Yoast SEO plugin. -->","yoast_head_json":{"title":"IGT Marche Bianco | podere sabbioni vini bio da viticoltura sostenible","robots":{"index":"index","follow":"follow","max-snippet":"max-snippet:-1","max-image-preview":"max-image-preview:large","max-video-preview":"max-video-preview:-1"},"canonical":"https:\/\/poderesabbioni.com\/it\/shop\/vino\/igt-marche-bianco\/","og_locale":"fr_FR","og_type":"article","og_title":"IGT Marche Bianco | podere sabbioni vini bio da viticoltura sostenible","og_description":"COMMENT FAISONS-NOUS \u00c7A:  Les raisins sont vendang\u00e9s manuellement en caisses de 12 \u00e0 13 kg et press\u00e9s dans un pressoir doux sans \u00e9grappage. Le mo\u00fbt est d\u00e9cant\u00e9 \u00e0 froid puis laiss\u00e9 fermenter proprement. Apr\u00e8s fermentation, le vin reste 3 mois en acier sur lies fines et 4 mois en b\u00e9ton, puis il est mis en bouteille.  NOTES DE D\u00c9GUSTATION ET ACCORDS:  La vendange 2022 a \u00e9t\u00e9 opulente et le vin refl\u00e8te la saison.\u00a0 Le sol calcaire sur lequel est cultiv\u00e9 Verdicchio et l'exposition Nord-Est conf\u00e8rent au vin finesse et verticalit\u00e9. En bouche, il est sec, persistant et chaleureux, avec une note min\u00e9rale commune \u00e0 nos autres vins.  Viandes blanches, entr\u00e9es et pizza.  Temp\u00e9rature de service entre 12 et 13\u00b0C","og_url":"https:\/\/poderesabbioni.com\/it\/shop\/vino\/igt-marche-bianco\/","og_site_name":"podere sabbioni vini bio da viticoltura sostenible","article_publisher":"https:\/\/www.facebook.com\/poderesabbioni\/?locale=it_IT","article_modified_time":"2024-08-08T08:59:26+00:00","og_image":[{"width":800,"height":800,"url":"https:\/\/poderesabbioni.com\/wp-content\/uploads\/2024\/01\/igt-marche-bianco.jpg","type":"image\/jpeg"}],"twitter_card":"summary_large_image","twitter_site":"@PSabbioni57712","schema":{"@context":"https:\/\/schema.org","@graph":[{"@type":"WebPage","@id":"https:\/\/poderesabbioni.com\/it\/shop\/vino\/igt-marche-bianco\/","url":"https:\/\/poderesabbioni.com\/it\/shop\/vino\/igt-marche-bianco\/","name":"IGT Marche Bianco | podere sabbioni vini bio da viticoltura sostenible","isPartOf":{"@id":"https:\/\/poderesabbioni.com\/it\/#website"},"primaryImageOfPage":{"@id":"https:\/\/poderesabbioni.com\/it\/shop\/vino\/igt-marche-bianco\/#primaryimage"},"image":{"@id":"https:\/\/poderesabbioni.com\/it\/shop\/vino\/igt-marche-bianco\/#primaryimage"},"thumbnailUrl":"https:\/\/poderesabbioni.com\/wp-content\/uploads\/2024\/01\/igt-marche-bianco.jpg","datePublished":"2024-08-07T10:08:53+00:00","dateModified":"2024-08-08T08:59:26+00:00","breadcrumb":{"@id":"https:\/\/poderesabbioni.com\/it\/shop\/vino\/igt-marche-bianco\/#breadcrumb"},"inLanguage":"fr-FR","potentialAction":[{"@type":"ReadAction","target":["https:\/\/poderesabbioni.com\/it\/shop\/vino\/igt-marche-bianco\/"]}]},{"@type":"ImageObject","inLanguage":"fr-FR","@id":"https:\/\/poderesabbioni.com\/it\/shop\/vino\/igt-marche-bianco\/#primaryimage","url":"https:\/\/poderesabbioni.com\/wp-content\/uploads\/2024\/01\/igt-marche-bianco.jpg","contentUrl":"https:\/\/poderesabbioni.com\/wp-content\/uploads\/2024\/01\/igt-marche-bianco.jpg","width":800,"height":800},{"@type":"BreadcrumbList","@id":"https:\/\/poderesabbioni.com\/it\/shop\/vino\/igt-marche-bianco\/#breadcrumb","itemListElement":[{"@type":"ListItem","position":1,"name":"Home","item":"https:\/\/poderesabbioni.com\/fr\/domicile\/"},{"@type":"ListItem","position":2,"name":"Shop Podere Sabbioni","item":"https:\/\/poderesabbioni.com\/it\/shop\/"},{"@type":"ListItem","position":3,"name":"IGT Marche Bianco"}]},{"@type":"WebSite","@id":"https:\/\/poderesabbioni.com\/it\/#website","url":"https:\/\/poderesabbioni.com\/it\/","name":"Podere Sabbioni Ribona e Rosso Piceno delle Marche","description":"vitigni autoctoni, vini bio coltivati nella riserva naturale della Abbadia di Fiastra nelle Marche","publisher":{"@id":"https:\/\/poderesabbioni.com\/it\/#organization"},"potentialAction":[{"@type":"SearchAction","target":{"@type":"EntryPoint","urlTemplate":"https:\/\/poderesabbioni.com\/it\/?s={search_term_string}"},"query-input":{"@type":"PropertyValueSpecification","valueRequired":true,"valueName":"search_term_string"}}],"inLanguage":"fr-FR"},{"@type":"Organization","@id":"https:\/\/poderesabbioni.com\/it\/#organization","name":"Podere Sabbioni di IMAC Societ\u00e0 Agricola Srl","alternateName":"Podere Sabbioni","url":"https:\/\/poderesabbioni.com\/it\/","logo":{"@type":"ImageObject","inLanguage":"fr-FR","@id":"https:\/\/poderesabbioni.com\/it\/#\/schema\/logo\/image\/","url":"https:\/\/poderesabbioni.com\/wp-content\/uploads\/2024\/09\/logo-di-testata-podere-sabbioni-QUADRO.jpg","contentUrl":"https:\/\/poderesabbioni.com\/wp-content\/uploads\/2024\/09\/logo-di-testata-podere-sabbioni-QUADRO.jpg","width":224,"height":224,"caption":"Podere Sabbioni di IMAC Societ\u00e0 Agricola Srl"},"image":{"@id":"https:\/\/poderesabbioni.com\/it\/#\/schema\/logo\/image\/"},"sameAs":["https:\/\/www.facebook.com\/poderesabbioni\/?locale=it_IT","https:\/\/x.com\/PSabbioni57712","https:\/\/www.instagram.com\/poderesabbioni\/","https:\/\/www.linkedin.com\/company\/42088348\/admin\/dashboard\/","https:\/\/www.youtube.com\/@poderesabbioni9669\/xregexp"]}]}},"_links":{"self":[{"href":"https:\/\/poderesabbioni.com\/fr\/wp-json\/wp\/v2\/product\/14969","targetHints":{"allow":["GET"]}}],"collection":[{"href":"https:\/\/poderesabbioni.com\/fr\/wp-json\/wp\/v2\/product"}],"about":[{"href":"https:\/\/poderesabbioni.com\/fr\/wp-json\/wp\/v2\/types\/product"}],"replies":[{"embeddable":true,"href":"https:\/\/poderesabbioni.com\/fr\/wp-json\/wp\/v2\/comments?post=14969"}],"wp:featuredmedia":[{"embeddable":true,"href":"https:\/\/poderesabbioni.com\/fr\/wp-json\/wp\/v2\/media\/14143"}],"wp:attachment":[{"href":"https:\/\/poderesabbioni.com\/fr\/wp-json\/wp\/v2\/media?parent=14969"}],"wp:term":[{"taxonomy":"product_cat","embeddable":true,"href":"https:\/\/poderesabbioni.com\/fr\/wp-json\/wp\/v2\/product_cat?post=14969"},{"taxonomy":"product_tag","embeddable":true,"href":"https:\/\/poderesabbioni.com\/fr\/wp-json\/wp\/v2\/product_tag?post=14969"}],"curies":[{"name":"wp","href":"https:\/\/api.w.org\/{rel}","templated":true}]}}