{"id":14974,"date":"2023-01-13T12:02:10","date_gmt":"2024-08-07T10:08:55","guid":{"rendered":"https:\/\/poderesabbioni.com\/product\/marche-igt-rosato\/"},"modified":"2024-08-08T10:01:45","modified_gmt":"2024-08-08T09:01:45","slug":"marche-igt-rosato","status":"publish","type":"product","link":"https:\/\/poderesabbioni.com\/fr\/shop\/vins\/marche-igt-rosato\/","title":{"rendered":"Marche Igt Rosato"},"content":{"rendered":"<p>La cave PODERE SABBIONI a \u00e9t\u00e9 s\u00e9lectionn\u00e9e pour les \u00ab\u00a0Micro Mega Wines\u00a0\u00bb \u00e0 Vinitaly.<\/p>\n","protected":false},"excerpt":{"rendered":"<div>\n<div>\n<div><b><i>Vin biologique Marche Igt Rosato issu d\u2019une viticulture raisonn\u00e9e <\/i><\/b><\/div>\n<div><\/div>\n<div><\/div>\n<div><strong>D\u00c9NOMINATION :<\/strong> Marche Rosato IGT<\/div>\n<div><\/div>\n<div><strong>C\u00c9PAGES<\/strong> : Sangiovese 100%<\/div>\n<\/div>\n<\/div>\n<div><\/div>\n<div><strong>FONCTIONNALIT\u00c9S:<\/strong><\/div>\n<ul>\n<li style=\"font-weight: 400;\" aria-level=\"1\"><span style=\"font-weight: 400;\">Nous sommes situ\u00e9s dans la r\u00e9gion des Marches &#8211; Italie &#8211; dans la ceinture de protection de la r\u00e9serve naturelle d\u2019Abbadia di Fiastra dans la municipalit\u00e9 de Petriolo.<\/span><\/li>\n<li style=\"font-weight: 400;\" aria-level=\"1\"><span style=\"font-weight: 400;\">C\u2019est un vin savoureux, <\/span><span style=\"font-weight: 400;\">l\u2019ar\u00f4me est fruit\u00e9 et floral, tandis qu\u2019en bouche, il reste frais et \u00e9quilibr\u00e9, avec des tanins tr\u00e8s l\u00e9gers et sans les exc\u00e8s des vins rouges structur\u00e9s.<\/span><\/li>\n<li style=\"font-weight: 400;\" aria-level=\"1\"><span style=\"font-weight: 400;\">La temp\u00e9rature de service est de 10 \u00e0 12\u00b0C. <\/span><\/li>\n<\/ul>\n<p><b>COMMENT FAISONS-NOUS \u00c7A: <\/b><span style=\"font-weight: 400;\">Nous laissons les raisins rouges mac\u00e9rer avec les peaux pendant 35 \u00e0 40 minutes dans un pressurage doux, puis proc\u00e9dons au pressurage. Apr\u00e8s la d\u00e9cantation statique, la fermentation commence \u00e0 basse temp\u00e9rature. Nous affinons le vin dans des cuves en c\u00e9ramique pendant environ quatre mois, puis nous terminons l\u2019affinage en bouteille.<\/span><\/p>\n<p>&nbsp;<\/p>\n","protected":false},"featured_media":14147,"comment_status":"closed","ping_status":"closed","template":"","meta":{"nf_dc_page":"","om_disable_all_campaigns":false,"inline_featured_image":false,"_monsterinsights_skip_tracking":false,"_monsterinsights_sitenote_active":false,"_monsterinsights_sitenote_note":"","_monsterinsights_sitenote_category":0},"product_cat":[178],"product_tag":[191],"class_list":{"0":"post-14974","1":"product","2":"type-product","3":"status-publish","4":"has-post-thumbnail","6":"product_cat-vins","7":"product_tag-rose-fr","9":"first","10":"instock","11":"taxable","12":"shipping-taxable","13":"purchasable","14":"product-type-simple"},"yoast_head":"<!-- This site is optimized with the Yoast SEO plugin v27.4 - https:\/\/yoast.com\/product\/yoast-seo-wordpress\/ -->\n<title>Marche Igt Rosato | podere sabbioni vini bio da viticoltura sostenible<\/title>\n<meta name=\"robots\" content=\"index, follow, max-snippet:-1, max-image-preview:large, max-video-preview:-1\" \/>\n<link rel=\"canonical\" href=\"https:\/\/poderesabbioni.com\/it\/shop\/vino\/marche-igt-rosato\/\" \/>\n<meta property=\"og:locale\" content=\"fr_FR\" \/>\n<meta property=\"og:type\" content=\"article\" \/>\n<meta property=\"og:title\" content=\"Marche Igt Rosato | podere sabbioni vini bio da viticoltura sostenible\" \/>\n<meta property=\"og:description\" content=\"Vin biologique Marche Igt Rosato issu d\u2019une viticulture raisonn\u00e9e    D\u00c9NOMINATION : Marche Rosato IGT  C\u00c9PAGES : Sangiovese 100%    FONCTIONNALIT\u00c9S:   Nous sommes situ\u00e9s dans la r\u00e9gion des Marches - Italie - dans la ceinture de protection de la r\u00e9serve naturelle d\u2019Abbadia di Fiastra dans la municipalit\u00e9 de Petriolo.  C\u2019est un vin savoureux, l\u2019ar\u00f4me est fruit\u00e9 et floral, tandis qu\u2019en bouche, il reste frais et \u00e9quilibr\u00e9, avec des tanins tr\u00e8s l\u00e9gers et sans les exc\u00e8s des vins rouges structur\u00e9s.  La temp\u00e9rature de service est de 10 \u00e0 12\u00b0C.   COMMENT FAISONS-NOUS \u00c7A: Nous laissons les raisins rouges mac\u00e9rer avec les peaux pendant 35 \u00e0 40 minutes dans un pressurage doux, puis proc\u00e9dons au pressurage. Apr\u00e8s la d\u00e9cantation statique, la fermentation commence \u00e0 basse temp\u00e9rature. Nous affinons le vin dans des cuves en c\u00e9ramique pendant environ quatre mois, puis nous terminons l\u2019affinage en bouteille.  &nbsp;\" \/>\n<meta property=\"og:url\" content=\"https:\/\/poderesabbioni.com\/it\/shop\/vino\/marche-igt-rosato\/\" \/>\n<meta property=\"og:site_name\" content=\"podere sabbioni vini bio da viticoltura sostenible\" \/>\n<meta property=\"article:publisher\" content=\"https:\/\/www.facebook.com\/poderesabbioni\/?locale=it_IT\" \/>\n<meta property=\"article:modified_time\" content=\"2024-08-08T09:01:45+00:00\" \/>\n<meta property=\"og:image\" content=\"https:\/\/poderesabbioni.com\/wp-content\/uploads\/2023\/01\/rosato-marche-quadrata.jpg\" \/>\n\t<meta property=\"og:image:width\" content=\"800\" \/>\n\t<meta property=\"og:image:height\" content=\"800\" \/>\n\t<meta property=\"og:image:type\" content=\"image\/jpeg\" \/>\n<meta name=\"twitter:card\" content=\"summary_large_image\" \/>\n<meta name=\"twitter:site\" content=\"@PSabbioni57712\" \/>\n<script type=\"application\/ld+json\" class=\"yoast-schema-graph\">{\"@context\":\"https:\\\/\\\/schema.org\",\"@graph\":[{\"@type\":\"WebPage\",\"@id\":\"https:\\\/\\\/poderesabbioni.com\\\/it\\\/shop\\\/vino\\\/marche-igt-rosato\\\/\",\"url\":\"https:\\\/\\\/poderesabbioni.com\\\/it\\\/shop\\\/vino\\\/marche-igt-rosato\\\/\",\"name\":\"Marche Igt Rosato | podere sabbioni vini bio da viticoltura sostenible\",\"isPartOf\":{\"@id\":\"https:\\\/\\\/poderesabbioni.com\\\/it\\\/#website\"},\"primaryImageOfPage\":{\"@id\":\"https:\\\/\\\/poderesabbioni.com\\\/it\\\/shop\\\/vino\\\/marche-igt-rosato\\\/#primaryimage\"},\"image\":{\"@id\":\"https:\\\/\\\/poderesabbioni.com\\\/it\\\/shop\\\/vino\\\/marche-igt-rosato\\\/#primaryimage\"},\"thumbnailUrl\":\"https:\\\/\\\/poderesabbioni.com\\\/wp-content\\\/uploads\\\/2023\\\/01\\\/rosato-marche-quadrata.jpg\",\"datePublished\":\"2024-08-07T10:08:55+00:00\",\"dateModified\":\"2024-08-08T09:01:45+00:00\",\"breadcrumb\":{\"@id\":\"https:\\\/\\\/poderesabbioni.com\\\/it\\\/shop\\\/vino\\\/marche-igt-rosato\\\/#breadcrumb\"},\"inLanguage\":\"fr-FR\",\"potentialAction\":[{\"@type\":\"ReadAction\",\"target\":[\"https:\\\/\\\/poderesabbioni.com\\\/it\\\/shop\\\/vino\\\/marche-igt-rosato\\\/\"]}]},{\"@type\":\"ImageObject\",\"inLanguage\":\"fr-FR\",\"@id\":\"https:\\\/\\\/poderesabbioni.com\\\/it\\\/shop\\\/vino\\\/marche-igt-rosato\\\/#primaryimage\",\"url\":\"https:\\\/\\\/poderesabbioni.com\\\/wp-content\\\/uploads\\\/2023\\\/01\\\/rosato-marche-quadrata.jpg\",\"contentUrl\":\"https:\\\/\\\/poderesabbioni.com\\\/wp-content\\\/uploads\\\/2023\\\/01\\\/rosato-marche-quadrata.jpg\",\"width\":800,\"height\":800},{\"@type\":\"BreadcrumbList\",\"@id\":\"https:\\\/\\\/poderesabbioni.com\\\/it\\\/shop\\\/vino\\\/marche-igt-rosato\\\/#breadcrumb\",\"itemListElement\":[{\"@type\":\"ListItem\",\"position\":1,\"name\":\"Home\",\"item\":\"https:\\\/\\\/poderesabbioni.com\\\/fr\\\/domicile\\\/\"},{\"@type\":\"ListItem\",\"position\":2,\"name\":\"Shop Podere Sabbioni\",\"item\":\"https:\\\/\\\/poderesabbioni.com\\\/it\\\/shop\\\/\"},{\"@type\":\"ListItem\",\"position\":3,\"name\":\"Marche Igt Rosato\"}]},{\"@type\":\"WebSite\",\"@id\":\"https:\\\/\\\/poderesabbioni.com\\\/it\\\/#website\",\"url\":\"https:\\\/\\\/poderesabbioni.com\\\/it\\\/\",\"name\":\"Podere Sabbioni Ribona e Rosso Piceno delle Marche\",\"description\":\"vitigni autoctoni, vini bio coltivati nella riserva naturale della Abbadia di Fiastra nelle Marche\",\"publisher\":{\"@id\":\"https:\\\/\\\/poderesabbioni.com\\\/it\\\/#organization\"},\"potentialAction\":[{\"@type\":\"SearchAction\",\"target\":{\"@type\":\"EntryPoint\",\"urlTemplate\":\"https:\\\/\\\/poderesabbioni.com\\\/it\\\/?s={search_term_string}\"},\"query-input\":{\"@type\":\"PropertyValueSpecification\",\"valueRequired\":true,\"valueName\":\"search_term_string\"}}],\"inLanguage\":\"fr-FR\"},{\"@type\":\"Organization\",\"@id\":\"https:\\\/\\\/poderesabbioni.com\\\/it\\\/#organization\",\"name\":\"Podere Sabbioni di IMAC Societ\u00e0 Agricola Srl\",\"alternateName\":\"Podere Sabbioni\",\"url\":\"https:\\\/\\\/poderesabbioni.com\\\/it\\\/\",\"logo\":{\"@type\":\"ImageObject\",\"inLanguage\":\"fr-FR\",\"@id\":\"https:\\\/\\\/poderesabbioni.com\\\/it\\\/#\\\/schema\\\/logo\\\/image\\\/\",\"url\":\"https:\\\/\\\/poderesabbioni.com\\\/wp-content\\\/uploads\\\/2024\\\/09\\\/logo-di-testata-podere-sabbioni-QUADRO.jpg\",\"contentUrl\":\"https:\\\/\\\/poderesabbioni.com\\\/wp-content\\\/uploads\\\/2024\\\/09\\\/logo-di-testata-podere-sabbioni-QUADRO.jpg\",\"width\":224,\"height\":224,\"caption\":\"Podere Sabbioni di IMAC Societ\u00e0 Agricola Srl\"},\"image\":{\"@id\":\"https:\\\/\\\/poderesabbioni.com\\\/it\\\/#\\\/schema\\\/logo\\\/image\\\/\"},\"sameAs\":[\"https:\\\/\\\/www.facebook.com\\\/poderesabbioni\\\/?locale=it_IT\",\"https:\\\/\\\/x.com\\\/PSabbioni57712\",\"https:\\\/\\\/www.instagram.com\\\/poderesabbioni\\\/\",\"https:\\\/\\\/www.linkedin.com\\\/company\\\/42088348\\\/admin\\\/dashboard\\\/\",\"https:\\\/\\\/www.youtube.com\\\/@poderesabbioni9669\\\/xregexp\"]}]}<\/script>\n<!-- \/ Yoast SEO plugin. -->","yoast_head_json":{"title":"Marche Igt Rosato | podere sabbioni vini bio da viticoltura sostenible","robots":{"index":"index","follow":"follow","max-snippet":"max-snippet:-1","max-image-preview":"max-image-preview:large","max-video-preview":"max-video-preview:-1"},"canonical":"https:\/\/poderesabbioni.com\/it\/shop\/vino\/marche-igt-rosato\/","og_locale":"fr_FR","og_type":"article","og_title":"Marche Igt Rosato | podere sabbioni vini bio da viticoltura sostenible","og_description":"Vin biologique Marche Igt Rosato issu d\u2019une viticulture raisonn\u00e9e    D\u00c9NOMINATION : Marche Rosato IGT  C\u00c9PAGES : Sangiovese 100%    FONCTIONNALIT\u00c9S:   Nous sommes situ\u00e9s dans la r\u00e9gion des Marches - Italie - dans la ceinture de protection de la r\u00e9serve naturelle d\u2019Abbadia di Fiastra dans la municipalit\u00e9 de Petriolo.  C\u2019est un vin savoureux, l\u2019ar\u00f4me est fruit\u00e9 et floral, tandis qu\u2019en bouche, il reste frais et \u00e9quilibr\u00e9, avec des tanins tr\u00e8s l\u00e9gers et sans les exc\u00e8s des vins rouges structur\u00e9s.  La temp\u00e9rature de service est de 10 \u00e0 12\u00b0C.   COMMENT FAISONS-NOUS \u00c7A: Nous laissons les raisins rouges mac\u00e9rer avec les peaux pendant 35 \u00e0 40 minutes dans un pressurage doux, puis proc\u00e9dons au pressurage. Apr\u00e8s la d\u00e9cantation statique, la fermentation commence \u00e0 basse temp\u00e9rature. Nous affinons le vin dans des cuves en c\u00e9ramique pendant environ quatre mois, puis nous terminons l\u2019affinage en bouteille.  &nbsp;","og_url":"https:\/\/poderesabbioni.com\/it\/shop\/vino\/marche-igt-rosato\/","og_site_name":"podere sabbioni vini bio da viticoltura sostenible","article_publisher":"https:\/\/www.facebook.com\/poderesabbioni\/?locale=it_IT","article_modified_time":"2024-08-08T09:01:45+00:00","og_image":[{"width":800,"height":800,"url":"https:\/\/poderesabbioni.com\/wp-content\/uploads\/2023\/01\/rosato-marche-quadrata.jpg","type":"image\/jpeg"}],"twitter_card":"summary_large_image","twitter_site":"@PSabbioni57712","schema":{"@context":"https:\/\/schema.org","@graph":[{"@type":"WebPage","@id":"https:\/\/poderesabbioni.com\/it\/shop\/vino\/marche-igt-rosato\/","url":"https:\/\/poderesabbioni.com\/it\/shop\/vino\/marche-igt-rosato\/","name":"Marche Igt Rosato | podere sabbioni vini bio da viticoltura sostenible","isPartOf":{"@id":"https:\/\/poderesabbioni.com\/it\/#website"},"primaryImageOfPage":{"@id":"https:\/\/poderesabbioni.com\/it\/shop\/vino\/marche-igt-rosato\/#primaryimage"},"image":{"@id":"https:\/\/poderesabbioni.com\/it\/shop\/vino\/marche-igt-rosato\/#primaryimage"},"thumbnailUrl":"https:\/\/poderesabbioni.com\/wp-content\/uploads\/2023\/01\/rosato-marche-quadrata.jpg","datePublished":"2024-08-07T10:08:55+00:00","dateModified":"2024-08-08T09:01:45+00:00","breadcrumb":{"@id":"https:\/\/poderesabbioni.com\/it\/shop\/vino\/marche-igt-rosato\/#breadcrumb"},"inLanguage":"fr-FR","potentialAction":[{"@type":"ReadAction","target":["https:\/\/poderesabbioni.com\/it\/shop\/vino\/marche-igt-rosato\/"]}]},{"@type":"ImageObject","inLanguage":"fr-FR","@id":"https:\/\/poderesabbioni.com\/it\/shop\/vino\/marche-igt-rosato\/#primaryimage","url":"https:\/\/poderesabbioni.com\/wp-content\/uploads\/2023\/01\/rosato-marche-quadrata.jpg","contentUrl":"https:\/\/poderesabbioni.com\/wp-content\/uploads\/2023\/01\/rosato-marche-quadrata.jpg","width":800,"height":800},{"@type":"BreadcrumbList","@id":"https:\/\/poderesabbioni.com\/it\/shop\/vino\/marche-igt-rosato\/#breadcrumb","itemListElement":[{"@type":"ListItem","position":1,"name":"Home","item":"https:\/\/poderesabbioni.com\/fr\/domicile\/"},{"@type":"ListItem","position":2,"name":"Shop Podere Sabbioni","item":"https:\/\/poderesabbioni.com\/it\/shop\/"},{"@type":"ListItem","position":3,"name":"Marche Igt Rosato"}]},{"@type":"WebSite","@id":"https:\/\/poderesabbioni.com\/it\/#website","url":"https:\/\/poderesabbioni.com\/it\/","name":"Podere Sabbioni Ribona e Rosso Piceno delle Marche","description":"vitigni autoctoni, vini bio coltivati nella riserva naturale della Abbadia di Fiastra nelle Marche","publisher":{"@id":"https:\/\/poderesabbioni.com\/it\/#organization"},"potentialAction":[{"@type":"SearchAction","target":{"@type":"EntryPoint","urlTemplate":"https:\/\/poderesabbioni.com\/it\/?s={search_term_string}"},"query-input":{"@type":"PropertyValueSpecification","valueRequired":true,"valueName":"search_term_string"}}],"inLanguage":"fr-FR"},{"@type":"Organization","@id":"https:\/\/poderesabbioni.com\/it\/#organization","name":"Podere Sabbioni di IMAC Societ\u00e0 Agricola Srl","alternateName":"Podere Sabbioni","url":"https:\/\/poderesabbioni.com\/it\/","logo":{"@type":"ImageObject","inLanguage":"fr-FR","@id":"https:\/\/poderesabbioni.com\/it\/#\/schema\/logo\/image\/","url":"https:\/\/poderesabbioni.com\/wp-content\/uploads\/2024\/09\/logo-di-testata-podere-sabbioni-QUADRO.jpg","contentUrl":"https:\/\/poderesabbioni.com\/wp-content\/uploads\/2024\/09\/logo-di-testata-podere-sabbioni-QUADRO.jpg","width":224,"height":224,"caption":"Podere Sabbioni di IMAC Societ\u00e0 Agricola Srl"},"image":{"@id":"https:\/\/poderesabbioni.com\/it\/#\/schema\/logo\/image\/"},"sameAs":["https:\/\/www.facebook.com\/poderesabbioni\/?locale=it_IT","https:\/\/x.com\/PSabbioni57712","https:\/\/www.instagram.com\/poderesabbioni\/","https:\/\/www.linkedin.com\/company\/42088348\/admin\/dashboard\/","https:\/\/www.youtube.com\/@poderesabbioni9669\/xregexp"]}]}},"_links":{"self":[{"href":"https:\/\/poderesabbioni.com\/fr\/wp-json\/wp\/v2\/product\/14974","targetHints":{"allow":["GET"]}}],"collection":[{"href":"https:\/\/poderesabbioni.com\/fr\/wp-json\/wp\/v2\/product"}],"about":[{"href":"https:\/\/poderesabbioni.com\/fr\/wp-json\/wp\/v2\/types\/product"}],"replies":[{"embeddable":true,"href":"https:\/\/poderesabbioni.com\/fr\/wp-json\/wp\/v2\/comments?post=14974"}],"wp:featuredmedia":[{"embeddable":true,"href":"https:\/\/poderesabbioni.com\/fr\/wp-json\/wp\/v2\/media\/14147"}],"wp:attachment":[{"href":"https:\/\/poderesabbioni.com\/fr\/wp-json\/wp\/v2\/media?parent=14974"}],"wp:term":[{"taxonomy":"product_cat","embeddable":true,"href":"https:\/\/poderesabbioni.com\/fr\/wp-json\/wp\/v2\/product_cat?post=14974"},{"taxonomy":"product_tag","embeddable":true,"href":"https:\/\/poderesabbioni.com\/fr\/wp-json\/wp\/v2\/product_tag?post=14974"}],"curies":[{"name":"wp","href":"https:\/\/api.w.org\/{rel}","templated":true}]}}