{"id":15040,"date":"2024-08-08T10:47:04","date_gmt":"2024-08-08T09:58:47","guid":{"rendered":"https:\/\/poderesabbioni.com\/product\/piceno-doc\/"},"modified":"2024-08-08T10:58:47","modified_gmt":"2024-08-08T09:58:47","slug":"piceno-doc","status":"publish","type":"product","link":"https:\/\/poderesabbioni.com\/fr\/shop\/vins\/piceno-doc\/","title":{"rendered":"Piceno DOC"},"content":{"rendered":"<div><a href=\"http:\/\/user.viticolturasostenibile.org\/EtichettaVirtuale\/EtichettaProdotto_v2.aspx?id=30d7768c-6dee-4c23-928a-8ca4eaae3294\">La certification des produits V.I.V.A.<\/a> est d\u00e9livr\u00e9e par le Minist\u00e8re de la Transition Ecologique.<\/div>\n<div><\/div>\n<div><a href=\"https:\/\/poderesabbioni.com\/\">PODERE SABBIONI<\/a> fait partie des caves s\u00e9lectionn\u00e9es pour les \u00ab&nbsp;<em>Micro Mega Vins<\/em>&nbsp;\u00bb chez Vinitaly.<\/div>\n","protected":false},"excerpt":{"rendered":"<p><b>ROSSO PICENO Doc vin biologique <\/b><b>issu de la viticulture durable<\/b><b><i>D\u00e9nomination : <\/i><\/b> Piceno DOC <b><i>C\u00e9pages :<\/i><\/b> <b><i> <\/i><\/b>Montepulciano 85%, Sangiovese 15% <b><i>Caract\u00e9ristiques: <\/i><\/b><\/p>\n<ul>\n<li aria-level=\"1\">Le vignoble est situ\u00e9 dans la r\u00e9gion des Marches &#8211; Italie &#8211; dans la ceinture de protection de la r\u00e9serve naturelle d\u2019Abbadia di Fiastra dans la municipalit\u00e9 de Petriolo.<\/li>\n<li aria-level=\"1\">D\u2019une couleur rouge rubis intense et brillante, il se distingue au nez et en bouche par une pointe de griotte. Chaud \u00e0 juste titre, savoureux, avec des tanins vigoureux mais \u00e9quilibr\u00e9s.<\/li>\n<li aria-level=\"1\">Certification VIVA &#8211; viticulture durable.<\/li>\n<li aria-level=\"1\">La temp\u00e9rature de service est de 15 \u00e0 16\u00b0C.<\/li>\n<\/ul>\n<p><strong>COME LO FACCIAMO:<\/strong> vendemmiamo il Montepulciano prima della completa maturazione e il Sangiovese praticamente stramaturo. De cette fa\u00e7on, nous pouvons b\u00e9n\u00e9ficier de l\u2019acidit\u00e9 et de la structure du premier et des tanins \u00e9l\u00e9gants du second. Le vin rouge obtenu est \u00e9lev\u00e9 dans de petits f\u00fbts de ch\u00eane pendant au moins 20 mois. D\u2019une couleur rouge rubis intense et brillante, il se distingue au nez et en bouche par une pointe de griotte m\u00fbre. Chaud \u00e0 juste titre, savoureux, avec des tanins vigoureux mais \u00e9quilibr\u00e9s. Une finale longue et persistante se termine, avec une certaine succulence, o\u00f9 les premi\u00e8res notes olfactives r\u00e9apparaissent. Vin typique pour tout le repas : excellent avec les soupes, les p\u00e2tes et les risottos. Il met en valeur des plats simples et importants \u00e0 base de viandes rouges et de fromages mi-affin\u00e9s. La temp\u00e9rature de service est comprise entre 16 et 18\u00b0 C<\/p>\n","protected":false},"featured_media":14156,"comment_status":"closed","ping_status":"closed","template":"","meta":{"nf_dc_page":"","om_disable_all_campaigns":false,"inline_featured_image":false,"_monsterinsights_skip_tracking":false,"_monsterinsights_sitenote_active":false,"_monsterinsights_sitenote_note":"","_monsterinsights_sitenote_category":0},"product_cat":[178],"product_tag":[],"class_list":{"0":"post-15040","1":"product","2":"type-product","3":"status-publish","4":"has-post-thumbnail","6":"product_cat-vins","8":"first","9":"instock","10":"taxable","11":"shipping-taxable","12":"purchasable","13":"product-type-simple"},"yoast_head":"<!-- This site is optimized with the Yoast SEO plugin v27.6 - https:\/\/yoast.com\/product\/yoast-seo-wordpress\/ -->\n<title>Piceno DOC | podere sabbioni vini bio da viticoltura sostenible<\/title>\n<meta name=\"robots\" content=\"index, follow, max-snippet:-1, max-image-preview:large, max-video-preview:-1\" \/>\n<link rel=\"canonical\" href=\"https:\/\/poderesabbioni.com\/it\/shop\/vino\/piceno-doc\/\" \/>\n<meta property=\"og:locale\" content=\"fr_FR\" \/>\n<meta property=\"og:type\" content=\"article\" \/>\n<meta property=\"og:title\" content=\"Piceno DOC | podere sabbioni vini bio da viticoltura sostenible\" \/>\n<meta property=\"og:description\" content=\"ROSSO PICENO Doc vin biologique issu de la viticulture durableD\u00e9nomination : Piceno DOC C\u00e9pages : Montepulciano 85%, Sangiovese 15% Caract\u00e9ristiques:   Le vignoble est situ\u00e9 dans la r\u00e9gion des Marches - Italie - dans la ceinture de protection de la r\u00e9serve naturelle d\u2019Abbadia di Fiastra dans la municipalit\u00e9 de Petriolo.  D\u2019une couleur rouge rubis intense et brillante, il se distingue au nez et en bouche par une pointe de griotte. Chaud \u00e0 juste titre, savoureux, avec des tanins vigoureux mais \u00e9quilibr\u00e9s.  Certification VIVA - viticulture durable.  La temp\u00e9rature de service est de 15 \u00e0 16\u00b0C. COME LO FACCIAMO: vendemmiamo il Montepulciano prima della completa maturazione e il Sangiovese praticamente stramaturo. De cette fa\u00e7on, nous pouvons b\u00e9n\u00e9ficier de l\u2019acidit\u00e9 et de la structure du premier et des tanins \u00e9l\u00e9gants du second. Le vin rouge obtenu est \u00e9lev\u00e9 dans de petits f\u00fbts de ch\u00eane pendant au moins 20 mois. D\u2019une couleur rouge rubis intense et brillante, il se distingue au nez et en bouche par une pointe de griotte m\u00fbre. Chaud \u00e0 juste titre, savoureux, avec des tanins vigoureux mais \u00e9quilibr\u00e9s. Une finale longue et persistante se termine, avec une certaine succulence, o\u00f9 les premi\u00e8res notes olfactives r\u00e9apparaissent. Vin typique pour tout le repas : excellent avec les soupes, les p\u00e2tes et les risottos. Il met en valeur des plats simples et importants \u00e0 base de viandes rouges et de fromages mi-affin\u00e9s. La temp\u00e9rature de service est comprise entre 16 et 18\u00b0 C\" \/>\n<meta property=\"og:url\" content=\"https:\/\/poderesabbioni.com\/it\/shop\/vino\/piceno-doc\/\" \/>\n<meta property=\"og:site_name\" content=\"podere sabbioni vini bio da viticoltura sostenible\" \/>\n<meta property=\"article:publisher\" content=\"https:\/\/www.facebook.com\/poderesabbioni\/?locale=it_IT\" \/>\n<meta property=\"og:image\" content=\"https:\/\/poderesabbioni.com\/wp-content\/uploads\/2020\/01\/piceno-doc-quadrato.jpg\" \/>\n\t<meta property=\"og:image:width\" content=\"800\" \/>\n\t<meta property=\"og:image:height\" content=\"800\" \/>\n\t<meta property=\"og:image:type\" content=\"image\/jpeg\" \/>\n<meta name=\"twitter:card\" content=\"summary_large_image\" \/>\n<meta name=\"twitter:site\" content=\"@PSabbioni57712\" \/>\n<script type=\"application\/ld+json\" class=\"yoast-schema-graph\">{\"@context\":\"https:\\\/\\\/schema.org\",\"@graph\":[{\"@type\":\"WebPage\",\"@id\":\"https:\\\/\\\/poderesabbioni.com\\\/it\\\/shop\\\/vino\\\/piceno-doc\\\/\",\"url\":\"https:\\\/\\\/poderesabbioni.com\\\/it\\\/shop\\\/vino\\\/piceno-doc\\\/\",\"name\":\"Piceno DOC | podere sabbioni vini bio da viticoltura sostenible\",\"isPartOf\":{\"@id\":\"https:\\\/\\\/poderesabbioni.com\\\/it\\\/#website\"},\"primaryImageOfPage\":{\"@id\":\"https:\\\/\\\/poderesabbioni.com\\\/it\\\/shop\\\/vino\\\/piceno-doc\\\/#primaryimage\"},\"image\":{\"@id\":\"https:\\\/\\\/poderesabbioni.com\\\/it\\\/shop\\\/vino\\\/piceno-doc\\\/#primaryimage\"},\"thumbnailUrl\":\"https:\\\/\\\/poderesabbioni.com\\\/wp-content\\\/uploads\\\/2020\\\/01\\\/piceno-doc-quadrato.jpg\",\"datePublished\":\"2024-08-08T09:58:47+00:00\",\"breadcrumb\":{\"@id\":\"https:\\\/\\\/poderesabbioni.com\\\/it\\\/shop\\\/vino\\\/piceno-doc\\\/#breadcrumb\"},\"inLanguage\":\"fr-FR\",\"potentialAction\":[{\"@type\":\"ReadAction\",\"target\":[\"https:\\\/\\\/poderesabbioni.com\\\/it\\\/shop\\\/vino\\\/piceno-doc\\\/\"]}]},{\"@type\":\"ImageObject\",\"inLanguage\":\"fr-FR\",\"@id\":\"https:\\\/\\\/poderesabbioni.com\\\/it\\\/shop\\\/vino\\\/piceno-doc\\\/#primaryimage\",\"url\":\"https:\\\/\\\/poderesabbioni.com\\\/wp-content\\\/uploads\\\/2020\\\/01\\\/piceno-doc-quadrato.jpg\",\"contentUrl\":\"https:\\\/\\\/poderesabbioni.com\\\/wp-content\\\/uploads\\\/2020\\\/01\\\/piceno-doc-quadrato.jpg\",\"width\":800,\"height\":800},{\"@type\":\"BreadcrumbList\",\"@id\":\"https:\\\/\\\/poderesabbioni.com\\\/it\\\/shop\\\/vino\\\/piceno-doc\\\/#breadcrumb\",\"itemListElement\":[{\"@type\":\"ListItem\",\"position\":1,\"name\":\"Home\",\"item\":\"https:\\\/\\\/poderesabbioni.com\\\/fr\\\/domicile\\\/\"},{\"@type\":\"ListItem\",\"position\":2,\"name\":\"Shop Podere Sabbioni\",\"item\":\"https:\\\/\\\/poderesabbioni.com\\\/it\\\/shop\\\/\"},{\"@type\":\"ListItem\",\"position\":3,\"name\":\"Piceno DOC\"}]},{\"@type\":\"WebSite\",\"@id\":\"https:\\\/\\\/poderesabbioni.com\\\/it\\\/#website\",\"url\":\"https:\\\/\\\/poderesabbioni.com\\\/it\\\/\",\"name\":\"Podere Sabbioni Ribona e Rosso Piceno delle Marche\",\"description\":\"vitigni autoctoni, vini bio coltivati nella riserva naturale della Abbadia di Fiastra nelle Marche\",\"publisher\":{\"@id\":\"https:\\\/\\\/poderesabbioni.com\\\/it\\\/#organization\"},\"potentialAction\":[{\"@type\":\"SearchAction\",\"target\":{\"@type\":\"EntryPoint\",\"urlTemplate\":\"https:\\\/\\\/poderesabbioni.com\\\/it\\\/?s={search_term_string}\"},\"query-input\":{\"@type\":\"PropertyValueSpecification\",\"valueRequired\":true,\"valueName\":\"search_term_string\"}}],\"inLanguage\":\"fr-FR\"},{\"@type\":\"Organization\",\"@id\":\"https:\\\/\\\/poderesabbioni.com\\\/it\\\/#organization\",\"name\":\"Podere Sabbioni di IMAC Societ\u00e0 Agricola Srl\",\"alternateName\":\"Podere Sabbioni\",\"url\":\"https:\\\/\\\/poderesabbioni.com\\\/it\\\/\",\"logo\":{\"@type\":\"ImageObject\",\"inLanguage\":\"fr-FR\",\"@id\":\"https:\\\/\\\/poderesabbioni.com\\\/it\\\/#\\\/schema\\\/logo\\\/image\\\/\",\"url\":\"https:\\\/\\\/poderesabbioni.com\\\/wp-content\\\/uploads\\\/2024\\\/09\\\/logo-di-testata-podere-sabbioni-QUADRO.jpg\",\"contentUrl\":\"https:\\\/\\\/poderesabbioni.com\\\/wp-content\\\/uploads\\\/2024\\\/09\\\/logo-di-testata-podere-sabbioni-QUADRO.jpg\",\"width\":224,\"height\":224,\"caption\":\"Podere Sabbioni di IMAC Societ\u00e0 Agricola Srl\"},\"image\":{\"@id\":\"https:\\\/\\\/poderesabbioni.com\\\/it\\\/#\\\/schema\\\/logo\\\/image\\\/\"},\"sameAs\":[\"https:\\\/\\\/www.facebook.com\\\/poderesabbioni\\\/?locale=it_IT\",\"https:\\\/\\\/x.com\\\/PSabbioni57712\",\"https:\\\/\\\/www.instagram.com\\\/poderesabbioni\\\/\",\"https:\\\/\\\/www.linkedin.com\\\/company\\\/42088348\\\/admin\\\/dashboard\\\/\",\"https:\\\/\\\/www.youtube.com\\\/@poderesabbioni9669\\\/xregexp\"]}]}<\/script>\n<!-- \/ Yoast SEO plugin. -->","yoast_head_json":{"title":"Piceno DOC | podere sabbioni vini bio da viticoltura sostenible","robots":{"index":"index","follow":"follow","max-snippet":"max-snippet:-1","max-image-preview":"max-image-preview:large","max-video-preview":"max-video-preview:-1"},"canonical":"https:\/\/poderesabbioni.com\/it\/shop\/vino\/piceno-doc\/","og_locale":"fr_FR","og_type":"article","og_title":"Piceno DOC | podere sabbioni vini bio da viticoltura sostenible","og_description":"ROSSO PICENO Doc vin biologique issu de la viticulture durableD\u00e9nomination : Piceno DOC C\u00e9pages : Montepulciano 85%, Sangiovese 15% Caract\u00e9ristiques:   Le vignoble est situ\u00e9 dans la r\u00e9gion des Marches - Italie - dans la ceinture de protection de la r\u00e9serve naturelle d\u2019Abbadia di Fiastra dans la municipalit\u00e9 de Petriolo.  D\u2019une couleur rouge rubis intense et brillante, il se distingue au nez et en bouche par une pointe de griotte. Chaud \u00e0 juste titre, savoureux, avec des tanins vigoureux mais \u00e9quilibr\u00e9s.  Certification VIVA - viticulture durable.  La temp\u00e9rature de service est de 15 \u00e0 16\u00b0C. COME LO FACCIAMO: vendemmiamo il Montepulciano prima della completa maturazione e il Sangiovese praticamente stramaturo. De cette fa\u00e7on, nous pouvons b\u00e9n\u00e9ficier de l\u2019acidit\u00e9 et de la structure du premier et des tanins \u00e9l\u00e9gants du second. Le vin rouge obtenu est \u00e9lev\u00e9 dans de petits f\u00fbts de ch\u00eane pendant au moins 20 mois. D\u2019une couleur rouge rubis intense et brillante, il se distingue au nez et en bouche par une pointe de griotte m\u00fbre. Chaud \u00e0 juste titre, savoureux, avec des tanins vigoureux mais \u00e9quilibr\u00e9s. Une finale longue et persistante se termine, avec une certaine succulence, o\u00f9 les premi\u00e8res notes olfactives r\u00e9apparaissent. Vin typique pour tout le repas : excellent avec les soupes, les p\u00e2tes et les risottos. Il met en valeur des plats simples et importants \u00e0 base de viandes rouges et de fromages mi-affin\u00e9s. La temp\u00e9rature de service est comprise entre 16 et 18\u00b0 C","og_url":"https:\/\/poderesabbioni.com\/it\/shop\/vino\/piceno-doc\/","og_site_name":"podere sabbioni vini bio da viticoltura sostenible","article_publisher":"https:\/\/www.facebook.com\/poderesabbioni\/?locale=it_IT","og_image":[{"width":800,"height":800,"url":"https:\/\/poderesabbioni.com\/wp-content\/uploads\/2020\/01\/piceno-doc-quadrato.jpg","type":"image\/jpeg"}],"twitter_card":"summary_large_image","twitter_site":"@PSabbioni57712","schema":{"@context":"https:\/\/schema.org","@graph":[{"@type":"WebPage","@id":"https:\/\/poderesabbioni.com\/it\/shop\/vino\/piceno-doc\/","url":"https:\/\/poderesabbioni.com\/it\/shop\/vino\/piceno-doc\/","name":"Piceno DOC | podere sabbioni vini bio da viticoltura sostenible","isPartOf":{"@id":"https:\/\/poderesabbioni.com\/it\/#website"},"primaryImageOfPage":{"@id":"https:\/\/poderesabbioni.com\/it\/shop\/vino\/piceno-doc\/#primaryimage"},"image":{"@id":"https:\/\/poderesabbioni.com\/it\/shop\/vino\/piceno-doc\/#primaryimage"},"thumbnailUrl":"https:\/\/poderesabbioni.com\/wp-content\/uploads\/2020\/01\/piceno-doc-quadrato.jpg","datePublished":"2024-08-08T09:58:47+00:00","breadcrumb":{"@id":"https:\/\/poderesabbioni.com\/it\/shop\/vino\/piceno-doc\/#breadcrumb"},"inLanguage":"fr-FR","potentialAction":[{"@type":"ReadAction","target":["https:\/\/poderesabbioni.com\/it\/shop\/vino\/piceno-doc\/"]}]},{"@type":"ImageObject","inLanguage":"fr-FR","@id":"https:\/\/poderesabbioni.com\/it\/shop\/vino\/piceno-doc\/#primaryimage","url":"https:\/\/poderesabbioni.com\/wp-content\/uploads\/2020\/01\/piceno-doc-quadrato.jpg","contentUrl":"https:\/\/poderesabbioni.com\/wp-content\/uploads\/2020\/01\/piceno-doc-quadrato.jpg","width":800,"height":800},{"@type":"BreadcrumbList","@id":"https:\/\/poderesabbioni.com\/it\/shop\/vino\/piceno-doc\/#breadcrumb","itemListElement":[{"@type":"ListItem","position":1,"name":"Home","item":"https:\/\/poderesabbioni.com\/fr\/domicile\/"},{"@type":"ListItem","position":2,"name":"Shop Podere Sabbioni","item":"https:\/\/poderesabbioni.com\/it\/shop\/"},{"@type":"ListItem","position":3,"name":"Piceno DOC"}]},{"@type":"WebSite","@id":"https:\/\/poderesabbioni.com\/it\/#website","url":"https:\/\/poderesabbioni.com\/it\/","name":"Podere Sabbioni Ribona e Rosso Piceno delle Marche","description":"vitigni autoctoni, vini bio coltivati nella riserva naturale della Abbadia di Fiastra nelle Marche","publisher":{"@id":"https:\/\/poderesabbioni.com\/it\/#organization"},"potentialAction":[{"@type":"SearchAction","target":{"@type":"EntryPoint","urlTemplate":"https:\/\/poderesabbioni.com\/it\/?s={search_term_string}"},"query-input":{"@type":"PropertyValueSpecification","valueRequired":true,"valueName":"search_term_string"}}],"inLanguage":"fr-FR"},{"@type":"Organization","@id":"https:\/\/poderesabbioni.com\/it\/#organization","name":"Podere Sabbioni di IMAC Societ\u00e0 Agricola Srl","alternateName":"Podere Sabbioni","url":"https:\/\/poderesabbioni.com\/it\/","logo":{"@type":"ImageObject","inLanguage":"fr-FR","@id":"https:\/\/poderesabbioni.com\/it\/#\/schema\/logo\/image\/","url":"https:\/\/poderesabbioni.com\/wp-content\/uploads\/2024\/09\/logo-di-testata-podere-sabbioni-QUADRO.jpg","contentUrl":"https:\/\/poderesabbioni.com\/wp-content\/uploads\/2024\/09\/logo-di-testata-podere-sabbioni-QUADRO.jpg","width":224,"height":224,"caption":"Podere Sabbioni di IMAC Societ\u00e0 Agricola Srl"},"image":{"@id":"https:\/\/poderesabbioni.com\/it\/#\/schema\/logo\/image\/"},"sameAs":["https:\/\/www.facebook.com\/poderesabbioni\/?locale=it_IT","https:\/\/x.com\/PSabbioni57712","https:\/\/www.instagram.com\/poderesabbioni\/","https:\/\/www.linkedin.com\/company\/42088348\/admin\/dashboard\/","https:\/\/www.youtube.com\/@poderesabbioni9669\/xregexp"]}]}},"_links":{"self":[{"href":"https:\/\/poderesabbioni.com\/fr\/wp-json\/wp\/v2\/product\/15040","targetHints":{"allow":["GET"]}}],"collection":[{"href":"https:\/\/poderesabbioni.com\/fr\/wp-json\/wp\/v2\/product"}],"about":[{"href":"https:\/\/poderesabbioni.com\/fr\/wp-json\/wp\/v2\/types\/product"}],"replies":[{"embeddable":true,"href":"https:\/\/poderesabbioni.com\/fr\/wp-json\/wp\/v2\/comments?post=15040"}],"wp:featuredmedia":[{"embeddable":true,"href":"https:\/\/poderesabbioni.com\/fr\/wp-json\/wp\/v2\/media\/14156"}],"wp:attachment":[{"href":"https:\/\/poderesabbioni.com\/fr\/wp-json\/wp\/v2\/media?parent=15040"}],"wp:term":[{"taxonomy":"product_cat","embeddable":true,"href":"https:\/\/poderesabbioni.com\/fr\/wp-json\/wp\/v2\/product_cat?post=15040"},{"taxonomy":"product_tag","embeddable":true,"href":"https:\/\/poderesabbioni.com\/fr\/wp-json\/wp\/v2\/product_tag?post=15040"}],"curies":[{"name":"wp","href":"https:\/\/api.w.org\/{rel}","templated":true}]}}