{"id":15045,"date":"2024-08-08T11:25:59","date_gmt":"2024-08-08T10:26:57","guid":{"rendered":"https:\/\/poderesabbioni.com\/product\/ribona-della-famiglia\/"},"modified":"2024-08-08T11:26:57","modified_gmt":"2024-08-08T10:26:57","slug":"ribona-della-famiglia","status":"publish","type":"product","link":"https:\/\/poderesabbioni.com\/fr\/shop\/vins\/ribona-della-famiglia\/","title":{"rendered":"Ribona della Famiglia"},"content":{"rendered":"<p><a href=\"http:\/\/user.viticolturasostenibile.org\/EtichettaVirtuale\/EtichettaProdotto_v2.aspx?id=f2b0b675-8631-4a5b-80be-651a3a603bc1\">La certification des produits V.I.V.A.<\/a> est d\u00e9livr\u00e9e par le Minist\u00e8re de la Transition Ecologique. <a href=\"https:\/\/poderesabbioni.com\/\">PODERE SABBIONI<\/a> fait partie des \u00e9tablissements vinicoles s\u00e9lectionn\u00e9s pour &#8220;<em>Micro Mega Wines<\/em>&#8221; chez Vinitaly &nbsp; Voici les prix que \u00ab Ribona della Famiglia \u00bb a obtenus au fil du temps : &#8211; <strong>94\/100<\/strong> selon le classement des vins de Ian D\u2019Agata, article publi\u00e9 dans Terroir Sense Wine Review en 2022 &#8211; <strong>DOUBLE CROWN <\/strong>(plus haute reconnaissance du guide) &#8211; commission technique et journalistes et amateurs de vin dans le guide VINI BUONI D\u2019ITALIA en 2022 &#8211; <strong>TOP OF THE TOP CENT<\/strong>, OU L\u2019EXCELLENCE POUR CHAQUE CAT\u00c9GORIE SELON LE CLASSEMENT DES MEILLEURS VINS D\u2019ITALIE PAR PAOLO MASSOBRIO ET MARCO GATTI EN 2019 &nbsp;<\/p>\n","protected":false},"excerpt":{"rendered":"<p><b><i>Ribona della Famiglia vin biologique issu de la viticulture durable<\/i><\/b><b><i>D\u00e9nomination&nbsp;:<\/i><\/b> Colli Maceratesi Doc Ribona <b><i>C\u00e9pages&nbsp;:<\/i><\/b> Maceratino Ribona 100% <b><i>Notes&nbsp;:<\/i><\/b><\/p>\n<ul>\n<li aria-level=\"1\">Le vin phare de la cave, \u00e9labor\u00e9 \u00e0 partir de raisins Ribona vinifi\u00e9s dans la puret\u00e9.<\/li>\n<li aria-level=\"1\">Le vignoble est situ\u00e9 dans la r\u00e9gion des Marches &#8211; Italie &#8211; dans la ceinture de protection de la r\u00e9serve naturelle d\u2019Abbadia di Fiastra dans la municipalit\u00e9 de Petriolo.<\/li>\n<li aria-level=\"1\">Au nez, on distingue des notes d\u2019agrumes, de fleurs blanches et de miel avec un soup\u00e7on d\u2019\u00e9mail. En bouche, il est bien soutenu par l\u2019acidit\u00e9 et la composante min\u00e9rale, qui lui donnent de la saveur et de la persistance.<\/li>\n<li aria-level=\"1\">Son \u00e9quilibre, sa structure et son acidit\u00e9 importante en font un vin passe-partout qui peut \u00eatre utilis\u00e9 de l\u2019ap\u00e9ritif aux viandes rouges.<\/li>\n<li aria-level=\"1\">Certification biologique et certification V.I.V.A. viticulture durable.<\/li>\n<li aria-level=\"1\">La temp\u00e9rature de service est de 12 \u00e0 13\u00b0C.<\/li>\n<\/ul>\n<p><b>COMMENT NOUS PROC\u00c9DONS :<\/b> Le mo\u00fbt de coulage libre est extrait de la presse douce et envoy\u00e9 dans deux r\u00e9servoirs d\u00e9di\u00e9s ; Apr\u00e8s d\u00e9cantation statique, il est ferment\u00e9 \u00e0 basse temp\u00e9rature. Le vin blanc obtenu repose sur lies pendant au moins 12 mois, dans des cuves en c\u00e9ramique et en ciment. Ses caract\u00e9ristiques particuli\u00e8res sont sa saveur, rehauss\u00e9e par le calcaire de notre sol, sa long\u00e9vit\u00e9 et son \u00e9quilibre.  &nbsp;<\/p>\n","protected":false},"featured_media":14150,"comment_status":"closed","ping_status":"closed","template":"","meta":{"nf_dc_page":"","om_disable_all_campaigns":false,"inline_featured_image":false,"_monsterinsights_skip_tracking":false,"_monsterinsights_sitenote_active":false,"_monsterinsights_sitenote_note":"","_monsterinsights_sitenote_category":0},"product_cat":[178],"product_tag":[],"class_list":{"0":"post-15045","1":"product","2":"type-product","3":"status-publish","4":"has-post-thumbnail","6":"product_cat-vins","8":"first","9":"instock","10":"taxable","11":"shipping-taxable","12":"purchasable","13":"product-type-simple"},"yoast_head":"<!-- This site is optimized with the Yoast SEO plugin v27.4 - https:\/\/yoast.com\/product\/yoast-seo-wordpress\/ -->\n<title>Ribona della Famiglia | podere sabbioni vini bio da viticoltura sostenible<\/title>\n<meta name=\"robots\" content=\"index, follow, max-snippet:-1, max-image-preview:large, max-video-preview:-1\" \/>\n<link rel=\"canonical\" href=\"https:\/\/poderesabbioni.com\/it\/shop\/vino\/ribona-della-famiglia\/\" \/>\n<meta property=\"og:locale\" content=\"fr_FR\" \/>\n<meta property=\"og:type\" content=\"article\" \/>\n<meta property=\"og:title\" content=\"Ribona della Famiglia | podere sabbioni vini bio da viticoltura sostenible\" \/>\n<meta property=\"og:description\" content=\"Ribona della Famiglia vin biologique issu de la viticulture durableD\u00e9nomination&nbsp;: Colli Maceratesi Doc Ribona C\u00e9pages&nbsp;: Maceratino Ribona 100% Notes&nbsp;:  Le vin phare de la cave, \u00e9labor\u00e9 \u00e0 partir de raisins Ribona vinifi\u00e9s dans la puret\u00e9.  Le vignoble est situ\u00e9 dans la r\u00e9gion des Marches - Italie - dans la ceinture de protection de la r\u00e9serve naturelle d\u2019Abbadia di Fiastra dans la municipalit\u00e9 de Petriolo.  Au nez, on distingue des notes d\u2019agrumes, de fleurs blanches et de miel avec un soup\u00e7on d\u2019\u00e9mail. En bouche, il est bien soutenu par l\u2019acidit\u00e9 et la composante min\u00e9rale, qui lui donnent de la saveur et de la persistance.  Son \u00e9quilibre, sa structure et son acidit\u00e9 importante en font un vin passe-partout qui peut \u00eatre utilis\u00e9 de l\u2019ap\u00e9ritif aux viandes rouges.  Certification biologique et certification V.I.V.A. viticulture durable.  La temp\u00e9rature de service est de 12 \u00e0 13\u00b0C. COMMENT NOUS PROC\u00c9DONS : Le mo\u00fbt de coulage libre est extrait de la presse douce et envoy\u00e9 dans deux r\u00e9servoirs d\u00e9di\u00e9s ; Apr\u00e8s d\u00e9cantation statique, il est ferment\u00e9 \u00e0 basse temp\u00e9rature. Le vin blanc obtenu repose sur lies pendant au moins 12 mois, dans des cuves en c\u00e9ramique et en ciment. Ses caract\u00e9ristiques particuli\u00e8res sont sa saveur, rehauss\u00e9e par le calcaire de notre sol, sa long\u00e9vit\u00e9 et son \u00e9quilibre. &nbsp;\" \/>\n<meta property=\"og:url\" content=\"https:\/\/poderesabbioni.com\/it\/shop\/vino\/ribona-della-famiglia\/\" \/>\n<meta property=\"og:site_name\" content=\"podere sabbioni vini bio da viticoltura sostenible\" \/>\n<meta property=\"article:publisher\" content=\"https:\/\/www.facebook.com\/poderesabbioni\/?locale=it_IT\" \/>\n<meta property=\"og:image\" content=\"https:\/\/poderesabbioni.com\/wp-content\/uploads\/2020\/01\/ribona-famiglia-quadrato.jpg\" \/>\n\t<meta property=\"og:image:width\" content=\"800\" \/>\n\t<meta property=\"og:image:height\" content=\"800\" \/>\n\t<meta property=\"og:image:type\" content=\"image\/jpeg\" \/>\n<meta name=\"twitter:card\" content=\"summary_large_image\" \/>\n<meta name=\"twitter:site\" content=\"@PSabbioni57712\" \/>\n<meta name=\"twitter:label1\" content=\"Dur\u00e9e de lecture estim\u00e9e\" \/>\n\t<meta name=\"twitter:data1\" content=\"1 minute\" \/>\n<script type=\"application\/ld+json\" class=\"yoast-schema-graph\">{\"@context\":\"https:\\\/\\\/schema.org\",\"@graph\":[{\"@type\":\"WebPage\",\"@id\":\"https:\\\/\\\/poderesabbioni.com\\\/it\\\/shop\\\/vino\\\/ribona-della-famiglia\\\/\",\"url\":\"https:\\\/\\\/poderesabbioni.com\\\/it\\\/shop\\\/vino\\\/ribona-della-famiglia\\\/\",\"name\":\"Ribona della Famiglia | podere sabbioni vini bio da viticoltura sostenible\",\"isPartOf\":{\"@id\":\"https:\\\/\\\/poderesabbioni.com\\\/it\\\/#website\"},\"primaryImageOfPage\":{\"@id\":\"https:\\\/\\\/poderesabbioni.com\\\/it\\\/shop\\\/vino\\\/ribona-della-famiglia\\\/#primaryimage\"},\"image\":{\"@id\":\"https:\\\/\\\/poderesabbioni.com\\\/it\\\/shop\\\/vino\\\/ribona-della-famiglia\\\/#primaryimage\"},\"thumbnailUrl\":\"https:\\\/\\\/poderesabbioni.com\\\/wp-content\\\/uploads\\\/2020\\\/01\\\/ribona-famiglia-quadrato.jpg\",\"datePublished\":\"2024-08-08T10:26:57+00:00\",\"breadcrumb\":{\"@id\":\"https:\\\/\\\/poderesabbioni.com\\\/it\\\/shop\\\/vino\\\/ribona-della-famiglia\\\/#breadcrumb\"},\"inLanguage\":\"fr-FR\",\"potentialAction\":[{\"@type\":\"ReadAction\",\"target\":[\"https:\\\/\\\/poderesabbioni.com\\\/it\\\/shop\\\/vino\\\/ribona-della-famiglia\\\/\"]}]},{\"@type\":\"ImageObject\",\"inLanguage\":\"fr-FR\",\"@id\":\"https:\\\/\\\/poderesabbioni.com\\\/it\\\/shop\\\/vino\\\/ribona-della-famiglia\\\/#primaryimage\",\"url\":\"https:\\\/\\\/poderesabbioni.com\\\/wp-content\\\/uploads\\\/2020\\\/01\\\/ribona-famiglia-quadrato.jpg\",\"contentUrl\":\"https:\\\/\\\/poderesabbioni.com\\\/wp-content\\\/uploads\\\/2020\\\/01\\\/ribona-famiglia-quadrato.jpg\",\"width\":800,\"height\":800},{\"@type\":\"BreadcrumbList\",\"@id\":\"https:\\\/\\\/poderesabbioni.com\\\/it\\\/shop\\\/vino\\\/ribona-della-famiglia\\\/#breadcrumb\",\"itemListElement\":[{\"@type\":\"ListItem\",\"position\":1,\"name\":\"Home\",\"item\":\"https:\\\/\\\/poderesabbioni.com\\\/fr\\\/domicile\\\/\"},{\"@type\":\"ListItem\",\"position\":2,\"name\":\"Shop Podere Sabbioni\",\"item\":\"https:\\\/\\\/poderesabbioni.com\\\/it\\\/shop\\\/\"},{\"@type\":\"ListItem\",\"position\":3,\"name\":\"Ribona della Famiglia\"}]},{\"@type\":\"WebSite\",\"@id\":\"https:\\\/\\\/poderesabbioni.com\\\/it\\\/#website\",\"url\":\"https:\\\/\\\/poderesabbioni.com\\\/it\\\/\",\"name\":\"Podere Sabbioni Ribona e Rosso Piceno delle Marche\",\"description\":\"vitigni autoctoni, vini bio coltivati nella riserva naturale della Abbadia di Fiastra nelle Marche\",\"publisher\":{\"@id\":\"https:\\\/\\\/poderesabbioni.com\\\/it\\\/#organization\"},\"potentialAction\":[{\"@type\":\"SearchAction\",\"target\":{\"@type\":\"EntryPoint\",\"urlTemplate\":\"https:\\\/\\\/poderesabbioni.com\\\/it\\\/?s={search_term_string}\"},\"query-input\":{\"@type\":\"PropertyValueSpecification\",\"valueRequired\":true,\"valueName\":\"search_term_string\"}}],\"inLanguage\":\"fr-FR\"},{\"@type\":\"Organization\",\"@id\":\"https:\\\/\\\/poderesabbioni.com\\\/it\\\/#organization\",\"name\":\"Podere Sabbioni di IMAC Societ\u00e0 Agricola Srl\",\"alternateName\":\"Podere Sabbioni\",\"url\":\"https:\\\/\\\/poderesabbioni.com\\\/it\\\/\",\"logo\":{\"@type\":\"ImageObject\",\"inLanguage\":\"fr-FR\",\"@id\":\"https:\\\/\\\/poderesabbioni.com\\\/it\\\/#\\\/schema\\\/logo\\\/image\\\/\",\"url\":\"https:\\\/\\\/poderesabbioni.com\\\/wp-content\\\/uploads\\\/2024\\\/09\\\/logo-di-testata-podere-sabbioni-QUADRO.jpg\",\"contentUrl\":\"https:\\\/\\\/poderesabbioni.com\\\/wp-content\\\/uploads\\\/2024\\\/09\\\/logo-di-testata-podere-sabbioni-QUADRO.jpg\",\"width\":224,\"height\":224,\"caption\":\"Podere Sabbioni di IMAC Societ\u00e0 Agricola Srl\"},\"image\":{\"@id\":\"https:\\\/\\\/poderesabbioni.com\\\/it\\\/#\\\/schema\\\/logo\\\/image\\\/\"},\"sameAs\":[\"https:\\\/\\\/www.facebook.com\\\/poderesabbioni\\\/?locale=it_IT\",\"https:\\\/\\\/x.com\\\/PSabbioni57712\",\"https:\\\/\\\/www.instagram.com\\\/poderesabbioni\\\/\",\"https:\\\/\\\/www.linkedin.com\\\/company\\\/42088348\\\/admin\\\/dashboard\\\/\",\"https:\\\/\\\/www.youtube.com\\\/@poderesabbioni9669\\\/xregexp\"]}]}<\/script>\n<!-- \/ Yoast SEO plugin. -->","yoast_head_json":{"title":"Ribona della Famiglia | podere sabbioni vini bio da viticoltura sostenible","robots":{"index":"index","follow":"follow","max-snippet":"max-snippet:-1","max-image-preview":"max-image-preview:large","max-video-preview":"max-video-preview:-1"},"canonical":"https:\/\/poderesabbioni.com\/it\/shop\/vino\/ribona-della-famiglia\/","og_locale":"fr_FR","og_type":"article","og_title":"Ribona della Famiglia | podere sabbioni vini bio da viticoltura sostenible","og_description":"Ribona della Famiglia vin biologique issu de la viticulture durableD\u00e9nomination&nbsp;: Colli Maceratesi Doc Ribona C\u00e9pages&nbsp;: Maceratino Ribona 100% Notes&nbsp;:  Le vin phare de la cave, \u00e9labor\u00e9 \u00e0 partir de raisins Ribona vinifi\u00e9s dans la puret\u00e9.  Le vignoble est situ\u00e9 dans la r\u00e9gion des Marches - Italie - dans la ceinture de protection de la r\u00e9serve naturelle d\u2019Abbadia di Fiastra dans la municipalit\u00e9 de Petriolo.  Au nez, on distingue des notes d\u2019agrumes, de fleurs blanches et de miel avec un soup\u00e7on d\u2019\u00e9mail. En bouche, il est bien soutenu par l\u2019acidit\u00e9 et la composante min\u00e9rale, qui lui donnent de la saveur et de la persistance.  Son \u00e9quilibre, sa structure et son acidit\u00e9 importante en font un vin passe-partout qui peut \u00eatre utilis\u00e9 de l\u2019ap\u00e9ritif aux viandes rouges.  Certification biologique et certification V.I.V.A. viticulture durable.  La temp\u00e9rature de service est de 12 \u00e0 13\u00b0C. COMMENT NOUS PROC\u00c9DONS : Le mo\u00fbt de coulage libre est extrait de la presse douce et envoy\u00e9 dans deux r\u00e9servoirs d\u00e9di\u00e9s ; Apr\u00e8s d\u00e9cantation statique, il est ferment\u00e9 \u00e0 basse temp\u00e9rature. Le vin blanc obtenu repose sur lies pendant au moins 12 mois, dans des cuves en c\u00e9ramique et en ciment. Ses caract\u00e9ristiques particuli\u00e8res sont sa saveur, rehauss\u00e9e par le calcaire de notre sol, sa long\u00e9vit\u00e9 et son \u00e9quilibre. &nbsp;","og_url":"https:\/\/poderesabbioni.com\/it\/shop\/vino\/ribona-della-famiglia\/","og_site_name":"podere sabbioni vini bio da viticoltura sostenible","article_publisher":"https:\/\/www.facebook.com\/poderesabbioni\/?locale=it_IT","og_image":[{"width":800,"height":800,"url":"https:\/\/poderesabbioni.com\/wp-content\/uploads\/2020\/01\/ribona-famiglia-quadrato.jpg","type":"image\/jpeg"}],"twitter_card":"summary_large_image","twitter_site":"@PSabbioni57712","twitter_misc":{"Dur\u00e9e de lecture estim\u00e9e":"1 minute"},"schema":{"@context":"https:\/\/schema.org","@graph":[{"@type":"WebPage","@id":"https:\/\/poderesabbioni.com\/it\/shop\/vino\/ribona-della-famiglia\/","url":"https:\/\/poderesabbioni.com\/it\/shop\/vino\/ribona-della-famiglia\/","name":"Ribona della Famiglia | podere sabbioni vini bio da viticoltura sostenible","isPartOf":{"@id":"https:\/\/poderesabbioni.com\/it\/#website"},"primaryImageOfPage":{"@id":"https:\/\/poderesabbioni.com\/it\/shop\/vino\/ribona-della-famiglia\/#primaryimage"},"image":{"@id":"https:\/\/poderesabbioni.com\/it\/shop\/vino\/ribona-della-famiglia\/#primaryimage"},"thumbnailUrl":"https:\/\/poderesabbioni.com\/wp-content\/uploads\/2020\/01\/ribona-famiglia-quadrato.jpg","datePublished":"2024-08-08T10:26:57+00:00","breadcrumb":{"@id":"https:\/\/poderesabbioni.com\/it\/shop\/vino\/ribona-della-famiglia\/#breadcrumb"},"inLanguage":"fr-FR","potentialAction":[{"@type":"ReadAction","target":["https:\/\/poderesabbioni.com\/it\/shop\/vino\/ribona-della-famiglia\/"]}]},{"@type":"ImageObject","inLanguage":"fr-FR","@id":"https:\/\/poderesabbioni.com\/it\/shop\/vino\/ribona-della-famiglia\/#primaryimage","url":"https:\/\/poderesabbioni.com\/wp-content\/uploads\/2020\/01\/ribona-famiglia-quadrato.jpg","contentUrl":"https:\/\/poderesabbioni.com\/wp-content\/uploads\/2020\/01\/ribona-famiglia-quadrato.jpg","width":800,"height":800},{"@type":"BreadcrumbList","@id":"https:\/\/poderesabbioni.com\/it\/shop\/vino\/ribona-della-famiglia\/#breadcrumb","itemListElement":[{"@type":"ListItem","position":1,"name":"Home","item":"https:\/\/poderesabbioni.com\/fr\/domicile\/"},{"@type":"ListItem","position":2,"name":"Shop Podere Sabbioni","item":"https:\/\/poderesabbioni.com\/it\/shop\/"},{"@type":"ListItem","position":3,"name":"Ribona della Famiglia"}]},{"@type":"WebSite","@id":"https:\/\/poderesabbioni.com\/it\/#website","url":"https:\/\/poderesabbioni.com\/it\/","name":"Podere Sabbioni Ribona e Rosso Piceno delle Marche","description":"vitigni autoctoni, vini bio coltivati nella riserva naturale della Abbadia di Fiastra nelle Marche","publisher":{"@id":"https:\/\/poderesabbioni.com\/it\/#organization"},"potentialAction":[{"@type":"SearchAction","target":{"@type":"EntryPoint","urlTemplate":"https:\/\/poderesabbioni.com\/it\/?s={search_term_string}"},"query-input":{"@type":"PropertyValueSpecification","valueRequired":true,"valueName":"search_term_string"}}],"inLanguage":"fr-FR"},{"@type":"Organization","@id":"https:\/\/poderesabbioni.com\/it\/#organization","name":"Podere Sabbioni di IMAC Societ\u00e0 Agricola Srl","alternateName":"Podere Sabbioni","url":"https:\/\/poderesabbioni.com\/it\/","logo":{"@type":"ImageObject","inLanguage":"fr-FR","@id":"https:\/\/poderesabbioni.com\/it\/#\/schema\/logo\/image\/","url":"https:\/\/poderesabbioni.com\/wp-content\/uploads\/2024\/09\/logo-di-testata-podere-sabbioni-QUADRO.jpg","contentUrl":"https:\/\/poderesabbioni.com\/wp-content\/uploads\/2024\/09\/logo-di-testata-podere-sabbioni-QUADRO.jpg","width":224,"height":224,"caption":"Podere Sabbioni di IMAC Societ\u00e0 Agricola Srl"},"image":{"@id":"https:\/\/poderesabbioni.com\/it\/#\/schema\/logo\/image\/"},"sameAs":["https:\/\/www.facebook.com\/poderesabbioni\/?locale=it_IT","https:\/\/x.com\/PSabbioni57712","https:\/\/www.instagram.com\/poderesabbioni\/","https:\/\/www.linkedin.com\/company\/42088348\/admin\/dashboard\/","https:\/\/www.youtube.com\/@poderesabbioni9669\/xregexp"]}]}},"_links":{"self":[{"href":"https:\/\/poderesabbioni.com\/fr\/wp-json\/wp\/v2\/product\/15045","targetHints":{"allow":["GET"]}}],"collection":[{"href":"https:\/\/poderesabbioni.com\/fr\/wp-json\/wp\/v2\/product"}],"about":[{"href":"https:\/\/poderesabbioni.com\/fr\/wp-json\/wp\/v2\/types\/product"}],"replies":[{"embeddable":true,"href":"https:\/\/poderesabbioni.com\/fr\/wp-json\/wp\/v2\/comments?post=15045"}],"wp:featuredmedia":[{"embeddable":true,"href":"https:\/\/poderesabbioni.com\/fr\/wp-json\/wp\/v2\/media\/14150"}],"wp:attachment":[{"href":"https:\/\/poderesabbioni.com\/fr\/wp-json\/wp\/v2\/media?parent=15045"}],"wp:term":[{"taxonomy":"product_cat","embeddable":true,"href":"https:\/\/poderesabbioni.com\/fr\/wp-json\/wp\/v2\/product_cat?post=15045"},{"taxonomy":"product_tag","embeddable":true,"href":"https:\/\/poderesabbioni.com\/fr\/wp-json\/wp\/v2\/product_tag?post=15045"}],"curies":[{"name":"wp","href":"https:\/\/api.w.org\/{rel}","templated":true}]}}