{"id":15048,"date":"2024-08-08T11:29:56","date_gmt":"2024-08-08T10:30:59","guid":{"rendered":"https:\/\/poderesabbioni.com\/product\/ribona-colli-maceratesi-doc\/"},"modified":"2024-08-08T11:30:59","modified_gmt":"2024-08-08T10:30:59","slug":"ribona-colli-maceratesi-doc","status":"publish","type":"product","link":"https:\/\/poderesabbioni.com\/fr\/shop\/vins\/ribona-colli-maceratesi-doc\/","title":{"rendered":"Ribona Colli Maceratesi DOC"},"content":{"rendered":"<div><a href=\"http:\/\/user.viticolturasostenibile.org\/EtichettaVirtuale\/EtichettaProdotto_v2.aspx?id=afc17155-7bb2-4ddf-a227-a9b25245c31f\">La certification des produits V.I.V.A.<\/a> est d\u00e9livr\u00e9e par le Minist\u00e8re de la Transition Ecologique.<\/div>\n<div><\/div>\n<div>La cave PODERE SABBIONI a \u00e9t\u00e9 s\u00e9lectionn\u00e9e pour les \u00ab Micro Mega Wines \u00bb \u00e0 Vinitaly.<\/div>\n<div><\/div>\n<div><\/div>\n","protected":false},"excerpt":{"rendered":"<div>\n<div>\n<div><b><i>Ribona Colli Maceratesi Doc vin biologique issu d\u2019une viticulture raisonn\u00e9e <\/i><\/b><\/div>\n<div><\/div>\n<div><\/div>\n<div><strong>D\u00c9NOMINATION :<\/strong> Colli Maceratesi DOC<\/div>\n<div><\/div>\n<div><strong>C\u00c9PAGES<\/strong> : Maceratino Ribona (minimum 97%)<\/div>\n<\/div>\n<\/div>\n<div><\/div>\n<div><strong>FONCTIONNALIT\u00c9S: <\/strong><\/div>\n<div>\n<ul>\n<li aria-level=\"1\">Le vignoble est situ\u00e9 dans la r\u00e9gion des Marches &#8211; Italie &#8211; dans la ceinture de protection de la r\u00e9serve naturelle d\u2019Abbadia di Fiastra dans la municipalit\u00e9 de Petriolo.<\/li>\n<li aria-level=\"1\">De couleur jaune paille, brillante, tr\u00e8s claire. Au nez, parfum de fleur d\u2019oranger, puis de pomme fruit\u00e9e et de banane vari\u00e9tale. Juteux en bouche, l\u2019acidit\u00e9 et la saveur garantissent une certaine colonne vert\u00e9brale.<\/li>\n<li aria-level=\"1\">Certification biologique et certification VIVA &#8211; viticulture durable.<\/li>\n<li aria-level=\"1\">La temp\u00e9rature de service est de 12 \u00e0 13\u00b0C.<\/li>\n<\/ul>\n<\/div>\n<div><\/div>\n<div>\n<div><strong>COMMENT NOUS LE FAISONS :<\/strong> Nous cultivons des vignes sans l\u2019aide de produits chimiques synth\u00e9tiques. Nous r\u00e9coltons les raisins \u00e0 la main dans de petites caisses, puis nous les pressons avec des rafles et ajoutons de la glace carbonique pour r\u00e9duire le processus d\u2019oxydation \u00e0 ce stade. Apr\u00e8s d\u00e9cantation statique, nous faisons fermenter le mo\u00fbt \u00e0 basse temp\u00e9rature. Nous \u00e9levons le vin dans des cuves en acier pendant environ six mois, puis nous terminons l\u2019affinage en bouteille.<\/div>\n<\/div>\n","protected":false},"featured_media":14153,"comment_status":"closed","ping_status":"closed","template":"","meta":{"nf_dc_page":"","om_disable_all_campaigns":false,"inline_featured_image":false,"_monsterinsights_skip_tracking":false,"_monsterinsights_sitenote_active":false,"_monsterinsights_sitenote_note":"","_monsterinsights_sitenote_category":0},"product_cat":[178],"product_tag":[],"class_list":{"0":"post-15048","1":"product","2":"type-product","3":"status-publish","4":"has-post-thumbnail","6":"product_cat-vins","8":"first","9":"instock","10":"taxable","11":"shipping-taxable","12":"purchasable","13":"product-type-simple"},"yoast_head":"<!-- This site is optimized with the Yoast SEO plugin v27.4 - https:\/\/yoast.com\/product\/yoast-seo-wordpress\/ -->\n<title>Ribona Colli Maceratesi DOC | podere sabbioni vini bio da viticoltura sostenible<\/title>\n<meta name=\"robots\" content=\"index, follow, max-snippet:-1, max-image-preview:large, max-video-preview:-1\" \/>\n<link rel=\"canonical\" href=\"https:\/\/poderesabbioni.com\/it\/shop\/vino\/ribona-colli-maceratesi-doc\/\" \/>\n<meta property=\"og:locale\" content=\"fr_FR\" \/>\n<meta property=\"og:type\" content=\"article\" \/>\n<meta property=\"og:title\" content=\"Ribona Colli Maceratesi DOC | podere sabbioni vini bio da viticoltura sostenible\" \/>\n<meta property=\"og:description\" content=\"Ribona Colli Maceratesi Doc vin biologique issu d\u2019une viticulture raisonn\u00e9e  D\u00c9NOMINATION : Colli Maceratesi DOC C\u00c9PAGES : Maceratino Ribona (minimum 97%)  FONCTIONNALIT\u00c9S:   Le vignoble est situ\u00e9 dans la r\u00e9gion des Marches - Italie - dans la ceinture de protection de la r\u00e9serve naturelle d\u2019Abbadia di Fiastra dans la municipalit\u00e9 de Petriolo.  De couleur jaune paille, brillante, tr\u00e8s claire. Au nez, parfum de fleur d\u2019oranger, puis de pomme fruit\u00e9e et de banane vari\u00e9tale. Juteux en bouche, l\u2019acidit\u00e9 et la saveur garantissent une certaine colonne vert\u00e9brale.  Certification biologique et certification VIVA - viticulture durable.  La temp\u00e9rature de service est de 12 \u00e0 13\u00b0C.   COMMENT NOUS LE FAISONS : Nous cultivons des vignes sans l\u2019aide de produits chimiques synth\u00e9tiques. Nous r\u00e9coltons les raisins \u00e0 la main dans de petites caisses, puis nous les pressons avec des rafles et ajoutons de la glace carbonique pour r\u00e9duire le processus d\u2019oxydation \u00e0 ce stade. Apr\u00e8s d\u00e9cantation statique, nous faisons fermenter le mo\u00fbt \u00e0 basse temp\u00e9rature. Nous \u00e9levons le vin dans des cuves en acier pendant environ six mois, puis nous terminons l\u2019affinage en bouteille.\" \/>\n<meta property=\"og:url\" content=\"https:\/\/poderesabbioni.com\/it\/shop\/vino\/ribona-colli-maceratesi-doc\/\" \/>\n<meta property=\"og:site_name\" content=\"podere sabbioni vini bio da viticoltura sostenible\" \/>\n<meta property=\"article:publisher\" content=\"https:\/\/www.facebook.com\/poderesabbioni\/?locale=it_IT\" \/>\n<meta property=\"og:image\" content=\"https:\/\/poderesabbioni.com\/wp-content\/uploads\/2020\/01\/ribona-colli-quadrato.jpg\" \/>\n\t<meta property=\"og:image:width\" content=\"800\" \/>\n\t<meta property=\"og:image:height\" content=\"800\" \/>\n\t<meta property=\"og:image:type\" content=\"image\/jpeg\" \/>\n<meta name=\"twitter:card\" content=\"summary_large_image\" \/>\n<meta name=\"twitter:site\" content=\"@PSabbioni57712\" \/>\n<script type=\"application\/ld+json\" class=\"yoast-schema-graph\">{\"@context\":\"https:\\\/\\\/schema.org\",\"@graph\":[{\"@type\":\"WebPage\",\"@id\":\"https:\\\/\\\/poderesabbioni.com\\\/it\\\/shop\\\/vino\\\/ribona-colli-maceratesi-doc\\\/\",\"url\":\"https:\\\/\\\/poderesabbioni.com\\\/it\\\/shop\\\/vino\\\/ribona-colli-maceratesi-doc\\\/\",\"name\":\"Ribona Colli Maceratesi DOC | podere sabbioni vini bio da viticoltura sostenible\",\"isPartOf\":{\"@id\":\"https:\\\/\\\/poderesabbioni.com\\\/it\\\/#website\"},\"primaryImageOfPage\":{\"@id\":\"https:\\\/\\\/poderesabbioni.com\\\/it\\\/shop\\\/vino\\\/ribona-colli-maceratesi-doc\\\/#primaryimage\"},\"image\":{\"@id\":\"https:\\\/\\\/poderesabbioni.com\\\/it\\\/shop\\\/vino\\\/ribona-colli-maceratesi-doc\\\/#primaryimage\"},\"thumbnailUrl\":\"https:\\\/\\\/poderesabbioni.com\\\/wp-content\\\/uploads\\\/2020\\\/01\\\/ribona-colli-quadrato.jpg\",\"datePublished\":\"2024-08-08T10:30:59+00:00\",\"breadcrumb\":{\"@id\":\"https:\\\/\\\/poderesabbioni.com\\\/it\\\/shop\\\/vino\\\/ribona-colli-maceratesi-doc\\\/#breadcrumb\"},\"inLanguage\":\"fr-FR\",\"potentialAction\":[{\"@type\":\"ReadAction\",\"target\":[\"https:\\\/\\\/poderesabbioni.com\\\/it\\\/shop\\\/vino\\\/ribona-colli-maceratesi-doc\\\/\"]}]},{\"@type\":\"ImageObject\",\"inLanguage\":\"fr-FR\",\"@id\":\"https:\\\/\\\/poderesabbioni.com\\\/it\\\/shop\\\/vino\\\/ribona-colli-maceratesi-doc\\\/#primaryimage\",\"url\":\"https:\\\/\\\/poderesabbioni.com\\\/wp-content\\\/uploads\\\/2020\\\/01\\\/ribona-colli-quadrato.jpg\",\"contentUrl\":\"https:\\\/\\\/poderesabbioni.com\\\/wp-content\\\/uploads\\\/2020\\\/01\\\/ribona-colli-quadrato.jpg\",\"width\":800,\"height\":800},{\"@type\":\"BreadcrumbList\",\"@id\":\"https:\\\/\\\/poderesabbioni.com\\\/it\\\/shop\\\/vino\\\/ribona-colli-maceratesi-doc\\\/#breadcrumb\",\"itemListElement\":[{\"@type\":\"ListItem\",\"position\":1,\"name\":\"Home\",\"item\":\"https:\\\/\\\/poderesabbioni.com\\\/fr\\\/domicile\\\/\"},{\"@type\":\"ListItem\",\"position\":2,\"name\":\"Shop Podere Sabbioni\",\"item\":\"https:\\\/\\\/poderesabbioni.com\\\/it\\\/shop\\\/\"},{\"@type\":\"ListItem\",\"position\":3,\"name\":\"Ribona Colli Maceratesi DOC\"}]},{\"@type\":\"WebSite\",\"@id\":\"https:\\\/\\\/poderesabbioni.com\\\/it\\\/#website\",\"url\":\"https:\\\/\\\/poderesabbioni.com\\\/it\\\/\",\"name\":\"Podere Sabbioni Ribona e Rosso Piceno delle Marche\",\"description\":\"vitigni autoctoni, vini bio coltivati nella riserva naturale della Abbadia di Fiastra nelle Marche\",\"publisher\":{\"@id\":\"https:\\\/\\\/poderesabbioni.com\\\/it\\\/#organization\"},\"potentialAction\":[{\"@type\":\"SearchAction\",\"target\":{\"@type\":\"EntryPoint\",\"urlTemplate\":\"https:\\\/\\\/poderesabbioni.com\\\/it\\\/?s={search_term_string}\"},\"query-input\":{\"@type\":\"PropertyValueSpecification\",\"valueRequired\":true,\"valueName\":\"search_term_string\"}}],\"inLanguage\":\"fr-FR\"},{\"@type\":\"Organization\",\"@id\":\"https:\\\/\\\/poderesabbioni.com\\\/it\\\/#organization\",\"name\":\"Podere Sabbioni di IMAC Societ\u00e0 Agricola Srl\",\"alternateName\":\"Podere Sabbioni\",\"url\":\"https:\\\/\\\/poderesabbioni.com\\\/it\\\/\",\"logo\":{\"@type\":\"ImageObject\",\"inLanguage\":\"fr-FR\",\"@id\":\"https:\\\/\\\/poderesabbioni.com\\\/it\\\/#\\\/schema\\\/logo\\\/image\\\/\",\"url\":\"https:\\\/\\\/poderesabbioni.com\\\/wp-content\\\/uploads\\\/2024\\\/09\\\/logo-di-testata-podere-sabbioni-QUADRO.jpg\",\"contentUrl\":\"https:\\\/\\\/poderesabbioni.com\\\/wp-content\\\/uploads\\\/2024\\\/09\\\/logo-di-testata-podere-sabbioni-QUADRO.jpg\",\"width\":224,\"height\":224,\"caption\":\"Podere Sabbioni di IMAC Societ\u00e0 Agricola Srl\"},\"image\":{\"@id\":\"https:\\\/\\\/poderesabbioni.com\\\/it\\\/#\\\/schema\\\/logo\\\/image\\\/\"},\"sameAs\":[\"https:\\\/\\\/www.facebook.com\\\/poderesabbioni\\\/?locale=it_IT\",\"https:\\\/\\\/x.com\\\/PSabbioni57712\",\"https:\\\/\\\/www.instagram.com\\\/poderesabbioni\\\/\",\"https:\\\/\\\/www.linkedin.com\\\/company\\\/42088348\\\/admin\\\/dashboard\\\/\",\"https:\\\/\\\/www.youtube.com\\\/@poderesabbioni9669\\\/xregexp\"]}]}<\/script>\n<!-- \/ Yoast SEO plugin. -->","yoast_head_json":{"title":"Ribona Colli Maceratesi DOC | podere sabbioni vini bio da viticoltura sostenible","robots":{"index":"index","follow":"follow","max-snippet":"max-snippet:-1","max-image-preview":"max-image-preview:large","max-video-preview":"max-video-preview:-1"},"canonical":"https:\/\/poderesabbioni.com\/it\/shop\/vino\/ribona-colli-maceratesi-doc\/","og_locale":"fr_FR","og_type":"article","og_title":"Ribona Colli Maceratesi DOC | podere sabbioni vini bio da viticoltura sostenible","og_description":"Ribona Colli Maceratesi Doc vin biologique issu d\u2019une viticulture raisonn\u00e9e  D\u00c9NOMINATION : Colli Maceratesi DOC C\u00c9PAGES : Maceratino Ribona (minimum 97%)  FONCTIONNALIT\u00c9S:   Le vignoble est situ\u00e9 dans la r\u00e9gion des Marches - Italie - dans la ceinture de protection de la r\u00e9serve naturelle d\u2019Abbadia di Fiastra dans la municipalit\u00e9 de Petriolo.  De couleur jaune paille, brillante, tr\u00e8s claire. Au nez, parfum de fleur d\u2019oranger, puis de pomme fruit\u00e9e et de banane vari\u00e9tale. Juteux en bouche, l\u2019acidit\u00e9 et la saveur garantissent une certaine colonne vert\u00e9brale.  Certification biologique et certification VIVA - viticulture durable.  La temp\u00e9rature de service est de 12 \u00e0 13\u00b0C.   COMMENT NOUS LE FAISONS : Nous cultivons des vignes sans l\u2019aide de produits chimiques synth\u00e9tiques. Nous r\u00e9coltons les raisins \u00e0 la main dans de petites caisses, puis nous les pressons avec des rafles et ajoutons de la glace carbonique pour r\u00e9duire le processus d\u2019oxydation \u00e0 ce stade. Apr\u00e8s d\u00e9cantation statique, nous faisons fermenter le mo\u00fbt \u00e0 basse temp\u00e9rature. Nous \u00e9levons le vin dans des cuves en acier pendant environ six mois, puis nous terminons l\u2019affinage en bouteille.","og_url":"https:\/\/poderesabbioni.com\/it\/shop\/vino\/ribona-colli-maceratesi-doc\/","og_site_name":"podere sabbioni vini bio da viticoltura sostenible","article_publisher":"https:\/\/www.facebook.com\/poderesabbioni\/?locale=it_IT","og_image":[{"width":800,"height":800,"url":"https:\/\/poderesabbioni.com\/wp-content\/uploads\/2020\/01\/ribona-colli-quadrato.jpg","type":"image\/jpeg"}],"twitter_card":"summary_large_image","twitter_site":"@PSabbioni57712","schema":{"@context":"https:\/\/schema.org","@graph":[{"@type":"WebPage","@id":"https:\/\/poderesabbioni.com\/it\/shop\/vino\/ribona-colli-maceratesi-doc\/","url":"https:\/\/poderesabbioni.com\/it\/shop\/vino\/ribona-colli-maceratesi-doc\/","name":"Ribona Colli Maceratesi DOC | podere sabbioni vini bio da viticoltura sostenible","isPartOf":{"@id":"https:\/\/poderesabbioni.com\/it\/#website"},"primaryImageOfPage":{"@id":"https:\/\/poderesabbioni.com\/it\/shop\/vino\/ribona-colli-maceratesi-doc\/#primaryimage"},"image":{"@id":"https:\/\/poderesabbioni.com\/it\/shop\/vino\/ribona-colli-maceratesi-doc\/#primaryimage"},"thumbnailUrl":"https:\/\/poderesabbioni.com\/wp-content\/uploads\/2020\/01\/ribona-colli-quadrato.jpg","datePublished":"2024-08-08T10:30:59+00:00","breadcrumb":{"@id":"https:\/\/poderesabbioni.com\/it\/shop\/vino\/ribona-colli-maceratesi-doc\/#breadcrumb"},"inLanguage":"fr-FR","potentialAction":[{"@type":"ReadAction","target":["https:\/\/poderesabbioni.com\/it\/shop\/vino\/ribona-colli-maceratesi-doc\/"]}]},{"@type":"ImageObject","inLanguage":"fr-FR","@id":"https:\/\/poderesabbioni.com\/it\/shop\/vino\/ribona-colli-maceratesi-doc\/#primaryimage","url":"https:\/\/poderesabbioni.com\/wp-content\/uploads\/2020\/01\/ribona-colli-quadrato.jpg","contentUrl":"https:\/\/poderesabbioni.com\/wp-content\/uploads\/2020\/01\/ribona-colli-quadrato.jpg","width":800,"height":800},{"@type":"BreadcrumbList","@id":"https:\/\/poderesabbioni.com\/it\/shop\/vino\/ribona-colli-maceratesi-doc\/#breadcrumb","itemListElement":[{"@type":"ListItem","position":1,"name":"Home","item":"https:\/\/poderesabbioni.com\/fr\/domicile\/"},{"@type":"ListItem","position":2,"name":"Shop Podere Sabbioni","item":"https:\/\/poderesabbioni.com\/it\/shop\/"},{"@type":"ListItem","position":3,"name":"Ribona Colli Maceratesi DOC"}]},{"@type":"WebSite","@id":"https:\/\/poderesabbioni.com\/it\/#website","url":"https:\/\/poderesabbioni.com\/it\/","name":"Podere Sabbioni Ribona e Rosso Piceno delle Marche","description":"vitigni autoctoni, vini bio coltivati nella riserva naturale della Abbadia di Fiastra nelle Marche","publisher":{"@id":"https:\/\/poderesabbioni.com\/it\/#organization"},"potentialAction":[{"@type":"SearchAction","target":{"@type":"EntryPoint","urlTemplate":"https:\/\/poderesabbioni.com\/it\/?s={search_term_string}"},"query-input":{"@type":"PropertyValueSpecification","valueRequired":true,"valueName":"search_term_string"}}],"inLanguage":"fr-FR"},{"@type":"Organization","@id":"https:\/\/poderesabbioni.com\/it\/#organization","name":"Podere Sabbioni di IMAC Societ\u00e0 Agricola Srl","alternateName":"Podere Sabbioni","url":"https:\/\/poderesabbioni.com\/it\/","logo":{"@type":"ImageObject","inLanguage":"fr-FR","@id":"https:\/\/poderesabbioni.com\/it\/#\/schema\/logo\/image\/","url":"https:\/\/poderesabbioni.com\/wp-content\/uploads\/2024\/09\/logo-di-testata-podere-sabbioni-QUADRO.jpg","contentUrl":"https:\/\/poderesabbioni.com\/wp-content\/uploads\/2024\/09\/logo-di-testata-podere-sabbioni-QUADRO.jpg","width":224,"height":224,"caption":"Podere Sabbioni di IMAC Societ\u00e0 Agricola Srl"},"image":{"@id":"https:\/\/poderesabbioni.com\/it\/#\/schema\/logo\/image\/"},"sameAs":["https:\/\/www.facebook.com\/poderesabbioni\/?locale=it_IT","https:\/\/x.com\/PSabbioni57712","https:\/\/www.instagram.com\/poderesabbioni\/","https:\/\/www.linkedin.com\/company\/42088348\/admin\/dashboard\/","https:\/\/www.youtube.com\/@poderesabbioni9669\/xregexp"]}]}},"_links":{"self":[{"href":"https:\/\/poderesabbioni.com\/fr\/wp-json\/wp\/v2\/product\/15048","targetHints":{"allow":["GET"]}}],"collection":[{"href":"https:\/\/poderesabbioni.com\/fr\/wp-json\/wp\/v2\/product"}],"about":[{"href":"https:\/\/poderesabbioni.com\/fr\/wp-json\/wp\/v2\/types\/product"}],"replies":[{"embeddable":true,"href":"https:\/\/poderesabbioni.com\/fr\/wp-json\/wp\/v2\/comments?post=15048"}],"wp:featuredmedia":[{"embeddable":true,"href":"https:\/\/poderesabbioni.com\/fr\/wp-json\/wp\/v2\/media\/14153"}],"wp:attachment":[{"href":"https:\/\/poderesabbioni.com\/fr\/wp-json\/wp\/v2\/media?parent=15048"}],"wp:term":[{"taxonomy":"product_cat","embeddable":true,"href":"https:\/\/poderesabbioni.com\/fr\/wp-json\/wp\/v2\/product_cat?post=15048"},{"taxonomy":"product_tag","embeddable":true,"href":"https:\/\/poderesabbioni.com\/fr\/wp-json\/wp\/v2\/product_tag?post=15048"}],"curies":[{"name":"wp","href":"https:\/\/api.w.org\/{rel}","templated":true}]}}